{"id":1273,"date":"2023-12-25T00:08:26","date_gmt":"2023-12-25T00:08:26","guid":{"rendered":"https:\/\/minasecinema.com.br\/novo\/?page_id=1273"},"modified":"2025-02-10T22:33:14","modified_gmt":"2025-02-10T22:33:14","slug":"colecao-waltencir-parizzi-ano-de-1953","status":"publish","type":"page","link":"https:\/\/minasecinema.repesq.ufjf.br\/en\/publicacoes-de-juiz-de-fora\/colecao-waltencir-parizzi\/colecao-waltencir-parizzi-ano-de-1953\/","title":{"rendered":"Waltencir Parizzi Collection \u2013 Year 1953"},"content":{"rendered":"<div data-elementor-type=\"wp-page\" data-elementor-id=\"1273\" class=\"elementor elementor-1273\">\n\t\t\t\t<div class=\"has_eae_slider elementor-element elementor-element-d51ceda e-flex e-con-boxed elementor-invisible e-con e-parent\" data-eae-slider=\"69102\" data-id=\"d51ceda\" data-element_type=\"container\" data-settings=\"{&quot;background_background&quot;:&quot;classic&quot;,&quot;shape_divider_bottom&quot;:&quot;waves&quot;,&quot;animation&quot;:&quot;fadeIn&quot;}\">\n\t\t\t\t\t<div class=\"e-con-inner\">\n\t\t\t\t<div class=\"elementor-shape elementor-shape-bottom\" aria-hidden=\"true\" data-negative=\"false\">\n\t\t\t<svg xmlns=\"http:\/\/www.w3.org\/2000\/svg\" viewbox=\"0 0 1000 100\" preserveaspectratio=\"none\">\n\t<path class=\"elementor-shape-fill\" d=\"M421.9,6.5c22.6-2.5,51.5,0.4,75.5,5.3c23.6,4.9,70.9,23.5,100.5,35.7c75.8,32.2,133.7,44.5,192.6,49.7\tc23.6,2.1,48.7,3.5,103.4-2.5c54.7-6,106.2-25.6,106.2-25.6V0H0v30.3c0,0,72,32.6,158.4,30.5c39.2-0.7,92.8-6.7,134-22.4\tc21.2-8.1,52.2-18.2,79.7-24.2C399.3,7.9,411.6,7.5,421.9,6.5z\"\/>\n<\/svg>\t\t<\/div>\n\t\t\t\t<div class=\"elementor-element elementor-element-88ccace elementor-widget elementor-widget-spacer\" data-id=\"88ccace\" data-element_type=\"widget\" data-widget_type=\"spacer.default\">\n\t\t\t\t<div class=\"elementor-widget-container\">\n\t\t\t\t\t\t\t<div class=\"elementor-spacer\">\n\t\t\t<div class=\"elementor-spacer-inner\"><\/div>\n\t\t<\/div>\n\t\t\t\t\t\t<\/div>\n\t\t\t\t<\/div>\n\t\t\t\t<div class=\"elementor-element elementor-element-fd10f02 elementor-widget elementor-widget-heading\" data-id=\"fd10f02\" data-element_type=\"widget\" data-widget_type=\"heading.default\">\n\t\t\t\t<div class=\"elementor-widget-container\">\n\t\t\t\t\t<h1 class=\"elementor-heading-title elementor-size-default\">Cole\u00e7\u00e3o Waltencir Parizzi - Ano de 1953<\/h1>\t\t\t\t<\/div>\n\t\t\t\t<\/div>\n\t\t\t\t<div class=\"elementor-element elementor-element-87f33c4 elementor-widget elementor-widget-text-editor\" data-id=\"87f33c4\" data-element_type=\"widget\" data-widget_type=\"text-editor.default\">\n\t\t\t\t<div class=\"elementor-widget-container\">\n\t\t\t\t\t\t\t\t\t<p>Folhetos publicit\u00e1rios dos filmes exibidos nas salas de cinema administradas pela Companhia Central de Divers\u00f5es no ano de 1953.<\/p>\t\t\t\t\t\t\t\t<\/div>\n\t\t\t\t<\/div>\n\t\t\t\t<div class=\"elementor-element elementor-element-b41d86f elementor-widget elementor-widget-spacer\" data-id=\"b41d86f\" data-element_type=\"widget\" data-widget_type=\"spacer.default\">\n\t\t\t\t<div class=\"elementor-widget-container\">\n\t\t\t\t\t\t\t<div class=\"elementor-spacer\">\n\t\t\t<div class=\"elementor-spacer-inner\"><\/div>\n\t\t<\/div>\n\t\t\t\t\t\t<\/div>\n\t\t\t\t<\/div>\n\t\t\t\t\t<\/div>\n\t\t\t\t<\/div>\n\t\t<div class=\"has_eae_slider elementor-element elementor-element-8e954c1 e-flex e-con-boxed e-con e-parent\" data-eae-slider=\"75196\" data-id=\"8e954c1\" data-element_type=\"container\" data-settings=\"{&quot;background_background&quot;:&quot;classic&quot;}\">\n\t\t\t\t\t<div class=\"e-con-inner\">\n\t\t\t\t<div class=\"elementor-element elementor-element-a99b4b9 elementor-widget elementor-widget-heading\" data-id=\"a99b4b9\" data-element_type=\"widget\" data-widget_type=\"heading.default\">\n\t\t\t\t<div class=\"elementor-widget-container\">\n\t\t\t\t\t<h5 class=\"elementor-heading-title elementor-size-default\">Acesse os folhetos publicit\u00e1rios dos seguintes meses:<\/h5>\t\t\t\t<\/div>\n\t\t\t\t<\/div>\n\t\t\t\t\t<\/div>\n\t\t\t\t<\/div>\n\t\t<div class=\"has_eae_slider elementor-element elementor-element-62f5da5 e-flex e-con-boxed e-con e-parent\" data-eae-slider=\"48949\" data-id=\"62f5da5\" data-element_type=\"container\" data-settings=\"{&quot;background_background&quot;:&quot;classic&quot;}\">\n\t\t\t\t\t<div class=\"e-con-inner\">\n\t\t<div class=\"has_eae_slider elementor-element elementor-element-8757891 e-con-full e-flex e-con e-child\" data-eae-slider=\"19343\" data-id=\"8757891\" data-element_type=\"container\" data-settings=\"{&quot;background_background&quot;:&quot;classic&quot;}\">\n\t\t\t\t<div class=\"elementor-element elementor-element-17bacff elementor-widget elementor-widget-image\" data-id=\"17bacff\" data-element_type=\"widget\" data-widget_type=\"image.default\">\n\t\t\t\t<div class=\"elementor-widget-container\">\n\t\t\t\t\t\t\t\t\t\t\t\t\t\t\t<img fetchpriority=\"high\" decoding=\"async\" width=\"350\" height=\"350\" src=\"https:\/\/minasecinema.repesq.ufjf.br\/wp-content\/uploads\/2023\/12\/jan-png-1-1.png\" class=\"attachment-full size-full wp-image-1179\" alt=\"\" srcset=\"https:\/\/minasecinema.repesq.ufjf.br\/wp-content\/uploads\/2023\/12\/jan-png-1-1.png 350w, https:\/\/minasecinema.repesq.ufjf.br\/wp-content\/uploads\/2023\/12\/jan-png-1-1-300x300.png 300w, https:\/\/minasecinema.repesq.ufjf.br\/wp-content\/uploads\/2023\/12\/jan-png-1-1-150x150.png 150w\" sizes=\"(max-width: 350px) 100vw, 350px\" \/>\t\t\t\t\t\t\t\t\t\t\t\t\t\t\t<\/div>\n\t\t\t\t<\/div>\n\t\t\t\t<div class=\"elementor-element elementor-element-78d4a87 elementor-widget elementor-widget-heading\" data-id=\"78d4a87\" data-element_type=\"widget\" data-widget_type=\"heading.default\">\n\t\t\t\t<div class=\"elementor-widget-container\">\n\t\t\t\t\t<h5 class=\"elementor-heading-title elementor-size-default\"><a href=\"https:\/\/storage.googleapis.com\/production-hostgator-brasil-v1-0-0\/050\/1181050\/9K2kdj6m\/e94a8043a27f4378894a0492391835c1?fileName=janeiro.pdf\">Janeiro<\/a><\/h5>\t\t\t\t<\/div>\n\t\t\t\t<\/div>\n\t\t\t\t<\/div>\n\t\t<div class=\"has_eae_slider elementor-element elementor-element-f50f09c e-con-full e-flex e-con e-child\" data-eae-slider=\"77685\" data-id=\"f50f09c\" data-element_type=\"container\" data-settings=\"{&quot;background_background&quot;:&quot;classic&quot;}\">\n\t\t\t\t<div class=\"elementor-element elementor-element-8ac0e5c elementor-widget elementor-widget-image\" data-id=\"8ac0e5c\" data-element_type=\"widget\" data-widget_type=\"image.default\">\n\t\t\t\t<div class=\"elementor-widget-container\">\n\t\t\t\t\t\t\t\t\t\t\t\t\t\t\t<img decoding=\"async\" width=\"350\" height=\"350\" src=\"https:\/\/minasecinema.repesq.ufjf.br\/wp-content\/uploads\/2023\/12\/fev-png-1-1.png\" class=\"attachment-full size-full wp-image-1171\" alt=\"\" srcset=\"https:\/\/minasecinema.repesq.ufjf.br\/wp-content\/uploads\/2023\/12\/fev-png-1-1.png 350w, https:\/\/minasecinema.repesq.ufjf.br\/wp-content\/uploads\/2023\/12\/fev-png-1-1-300x300.png 300w, https:\/\/minasecinema.repesq.ufjf.br\/wp-content\/uploads\/2023\/12\/fev-png-1-1-150x150.png 150w\" sizes=\"(max-width: 350px) 100vw, 350px\" \/>\t\t\t\t\t\t\t\t\t\t\t\t\t\t\t<\/div>\n\t\t\t\t<\/div>\n\t\t\t\t<div class=\"elementor-element elementor-element-32057e9 elementor-widget elementor-widget-heading\" data-id=\"32057e9\" data-element_type=\"widget\" data-widget_type=\"heading.default\">\n\t\t\t\t<div class=\"elementor-widget-container\">\n\t\t\t\t\t<h5 class=\"elementor-heading-title elementor-size-default\"><a href=\"https:\/\/storage.googleapis.com\/production-hostgator-brasil-v1-0-0\/050\/1181050\/9K2kdj6m\/17f1db87ea9940f8972d6826e5216690?fileName=fevereiro.pdf\">Fevereiro<\/a><\/h5>\t\t\t\t<\/div>\n\t\t\t\t<\/div>\n\t\t\t\t<\/div>\n\t\t<div class=\"has_eae_slider elementor-element elementor-element-819692e e-con-full e-flex e-con e-child\" data-eae-slider=\"85936\" data-id=\"819692e\" data-element_type=\"container\" data-settings=\"{&quot;background_background&quot;:&quot;classic&quot;}\">\n\t\t\t\t<div class=\"elementor-element elementor-element-5f69383 elementor-widget elementor-widget-image\" data-id=\"5f69383\" data-element_type=\"widget\" data-widget_type=\"image.default\">\n\t\t\t\t<div class=\"elementor-widget-container\">\n\t\t\t\t\t\t\t\t\t\t\t\t\t\t\t<img decoding=\"async\" width=\"350\" height=\"350\" src=\"https:\/\/minasecinema.repesq.ufjf.br\/wp-content\/uploads\/2023\/12\/mar-png-2.png\" class=\"attachment-full size-full wp-image-1153\" alt=\"\" srcset=\"https:\/\/minasecinema.repesq.ufjf.br\/wp-content\/uploads\/2023\/12\/mar-png-2.png 350w, https:\/\/minasecinema.repesq.ufjf.br\/wp-content\/uploads\/2023\/12\/mar-png-2-300x300.png 300w, https:\/\/minasecinema.repesq.ufjf.br\/wp-content\/uploads\/2023\/12\/mar-png-2-150x150.png 150w\" sizes=\"(max-width: 350px) 100vw, 350px\" \/>\t\t\t\t\t\t\t\t\t\t\t\t\t\t\t<\/div>\n\t\t\t\t<\/div>\n\t\t\t\t<div class=\"elementor-element elementor-element-62b3917 elementor-widget elementor-widget-heading\" data-id=\"62b3917\" data-element_type=\"widget\" data-widget_type=\"heading.default\">\n\t\t\t\t<div class=\"elementor-widget-container\">\n\t\t\t\t\t<h5 class=\"elementor-heading-title elementor-size-default\"><a href=\"https:\/\/storage.googleapis.com\/production-hostgator-brasil-v1-0-0\/050\/1181050\/9K2kdj6m\/a1da417d36404532a3f379647dba6cc9?fileName=mar%C3%A7o.pdf\">Mar\u00e7o<\/a><\/h5>\t\t\t\t<\/div>\n\t\t\t\t<\/div>\n\t\t\t\t<\/div>\n\t\t\t\t\t<\/div>\n\t\t\t\t<\/div>\n\t\t<div class=\"has_eae_slider elementor-element elementor-element-f7a8d23 e-flex e-con-boxed e-con e-parent\" data-eae-slider=\"23507\" data-id=\"f7a8d23\" data-element_type=\"container\" data-settings=\"{&quot;background_background&quot;:&quot;classic&quot;}\">\n\t\t\t\t\t<div class=\"e-con-inner\">\n\t\t<div class=\"has_eae_slider elementor-element elementor-element-adc9ab0 e-con-full e-flex e-con e-child\" data-eae-slider=\"19250\" data-id=\"adc9ab0\" data-element_type=\"container\" data-settings=\"{&quot;background_background&quot;:&quot;classic&quot;}\">\n\t\t\t\t<div class=\"elementor-element elementor-element-7d19304 elementor-widget elementor-widget-image\" data-id=\"7d19304\" data-element_type=\"widget\" data-widget_type=\"image.default\">\n\t\t\t\t<div class=\"elementor-widget-container\">\n\t\t\t\t\t\t\t\t\t\t\t\t\t\t\t<img loading=\"lazy\" decoding=\"async\" width=\"350\" height=\"350\" src=\"https:\/\/minasecinema.repesq.ufjf.br\/wp-content\/uploads\/2023\/12\/abr-png-1-2.png\" class=\"attachment-full size-full wp-image-1204\" alt=\"\" srcset=\"https:\/\/minasecinema.repesq.ufjf.br\/wp-content\/uploads\/2023\/12\/abr-png-1-2.png 350w, https:\/\/minasecinema.repesq.ufjf.br\/wp-content\/uploads\/2023\/12\/abr-png-1-2-300x300.png 300w, https:\/\/minasecinema.repesq.ufjf.br\/wp-content\/uploads\/2023\/12\/abr-png-1-2-150x150.png 150w\" sizes=\"(max-width: 350px) 100vw, 350px\" \/>\t\t\t\t\t\t\t\t\t\t\t\t\t\t\t<\/div>\n\t\t\t\t<\/div>\n\t\t\t\t<div class=\"elementor-element elementor-element-e7cf106 elementor-widget elementor-widget-heading\" data-id=\"e7cf106\" data-element_type=\"widget\" data-widget_type=\"heading.default\">\n\t\t\t\t<div class=\"elementor-widget-container\">\n\t\t\t\t\t<h5 class=\"elementor-heading-title elementor-size-default\"><a href=\"https:\/\/storage.googleapis.com\/production-hostgator-brasil-v1-0-0\/050\/1181050\/9K2kdj6m\/fc6e13d31b1c46fe876e6849051486d2?fileName=abril.pdf\">Abril<\/a><\/h5>\t\t\t\t<\/div>\n\t\t\t\t<\/div>\n\t\t\t\t<\/div>\n\t\t<div class=\"has_eae_slider elementor-element elementor-element-fef814c e-con-full e-flex e-con e-child\" data-eae-slider=\"13460\" data-id=\"fef814c\" data-element_type=\"container\" data-settings=\"{&quot;background_background&quot;:&quot;classic&quot;}\">\n\t\t\t\t<div class=\"elementor-element elementor-element-6d4d10e elementor-widget elementor-widget-image\" data-id=\"6d4d10e\" data-element_type=\"widget\" data-widget_type=\"image.default\">\n\t\t\t\t<div class=\"elementor-widget-container\">\n\t\t\t\t\t\t\t\t\t\t\t\t\t\t\t<img loading=\"lazy\" decoding=\"async\" width=\"350\" height=\"350\" src=\"https:\/\/minasecinema.repesq.ufjf.br\/wp-content\/uploads\/2023\/12\/mai-png-1-1.png\" class=\"attachment-full size-full wp-image-1144\" alt=\"\" srcset=\"https:\/\/minasecinema.repesq.ufjf.br\/wp-content\/uploads\/2023\/12\/mai-png-1-1.png 350w, https:\/\/minasecinema.repesq.ufjf.br\/wp-content\/uploads\/2023\/12\/mai-png-1-1-300x300.png 300w, https:\/\/minasecinema.repesq.ufjf.br\/wp-content\/uploads\/2023\/12\/mai-png-1-1-150x150.png 150w\" sizes=\"(max-width: 350px) 100vw, 350px\" \/>\t\t\t\t\t\t\t\t\t\t\t\t\t\t\t<\/div>\n\t\t\t\t<\/div>\n\t\t\t\t<div class=\"elementor-element elementor-element-ee47b6f elementor-widget elementor-widget-heading\" data-id=\"ee47b6f\" data-element_type=\"widget\" data-widget_type=\"heading.default\">\n\t\t\t\t<div class=\"elementor-widget-container\">\n\t\t\t\t\t<h5 class=\"elementor-heading-title elementor-size-default\"><a href=\"https:\/\/storage.googleapis.com\/production-hostgator-brasil-v1-0-0\/050\/1181050\/9K2kdj6m\/1d7465693f474ee89849688aa7db1808?fileName=maio.pdf\">Maio<\/a><\/h5>\t\t\t\t<\/div>\n\t\t\t\t<\/div>\n\t\t\t\t<\/div>\n\t\t<div class=\"has_eae_slider elementor-element elementor-element-7c3819f e-con-full e-flex e-con e-child\" data-eae-slider=\"6954\" data-id=\"7c3819f\" data-element_type=\"container\" data-settings=\"{&quot;background_background&quot;:&quot;classic&quot;}\">\n\t\t\t\t<div class=\"elementor-element elementor-element-1413a90 elementor-widget elementor-widget-image\" data-id=\"1413a90\" data-element_type=\"widget\" data-widget_type=\"image.default\">\n\t\t\t\t<div class=\"elementor-widget-container\">\n\t\t\t\t\t\t\t\t\t\t\t\t\t\t\t<img loading=\"lazy\" decoding=\"async\" width=\"350\" height=\"350\" src=\"https:\/\/minasecinema.repesq.ufjf.br\/wp-content\/uploads\/2023\/12\/jun-png-2-1.png\" class=\"attachment-full size-full wp-image-1136\" alt=\"\" srcset=\"https:\/\/minasecinema.repesq.ufjf.br\/wp-content\/uploads\/2023\/12\/jun-png-2-1.png 350w, https:\/\/minasecinema.repesq.ufjf.br\/wp-content\/uploads\/2023\/12\/jun-png-2-1-300x300.png 300w, https:\/\/minasecinema.repesq.ufjf.br\/wp-content\/uploads\/2023\/12\/jun-png-2-1-150x150.png 150w\" sizes=\"(max-width: 350px) 100vw, 350px\" \/>\t\t\t\t\t\t\t\t\t\t\t\t\t\t\t<\/div>\n\t\t\t\t<\/div>\n\t\t\t\t<div class=\"elementor-element elementor-element-7bbd382 elementor-widget elementor-widget-heading\" data-id=\"7bbd382\" data-element_type=\"widget\" data-widget_type=\"heading.default\">\n\t\t\t\t<div class=\"elementor-widget-container\">\n\t\t\t\t\t<h5 class=\"elementor-heading-title elementor-size-default\"><a href=\"https:\/\/storage.googleapis.com\/production-hostgator-brasil-v1-0-0\/050\/1181050\/9K2kdj6m\/70af709556044383b8cae6ed4b9dd04d?fileName=junho.pdf\">Junho<\/a><\/h5>\t\t\t\t<\/div>\n\t\t\t\t<\/div>\n\t\t\t\t<\/div>\n\t\t\t\t\t<\/div>\n\t\t\t\t<\/div>\n\t\t<div class=\"has_eae_slider elementor-element elementor-element-084480b e-flex e-con-boxed e-con e-parent\" data-eae-slider=\"29640\" data-id=\"084480b\" data-element_type=\"container\" data-settings=\"{&quot;background_background&quot;:&quot;classic&quot;,&quot;shape_divider_bottom&quot;:&quot;waves&quot;}\">\n\t\t\t\t\t<div class=\"e-con-inner\">\n\t\t\t\t<div class=\"elementor-shape elementor-shape-bottom\" aria-hidden=\"true\" data-negative=\"false\">\n\t\t\t<svg xmlns=\"http:\/\/www.w3.org\/2000\/svg\" viewbox=\"0 0 1000 100\" preserveaspectratio=\"none\">\n\t<path class=\"elementor-shape-fill\" d=\"M421.9,6.5c22.6-2.5,51.5,0.4,75.5,5.3c23.6,4.9,70.9,23.5,100.5,35.7c75.8,32.2,133.7,44.5,192.6,49.7\tc23.6,2.1,48.7,3.5,103.4-2.5c54.7-6,106.2-25.6,106.2-25.6V0H0v30.3c0,0,72,32.6,158.4,30.5c39.2-0.7,92.8-6.7,134-22.4\tc21.2-8.1,52.2-18.2,79.7-24.2C399.3,7.9,411.6,7.5,421.9,6.5z\"\/>\n<\/svg>\t\t<\/div>\n\t\t<div class=\"has_eae_slider elementor-element elementor-element-d4519b0 e-con-full e-flex e-con e-child\" data-eae-slider=\"78957\" data-id=\"d4519b0\" data-element_type=\"container\" data-settings=\"{&quot;background_background&quot;:&quot;classic&quot;}\">\n\t\t\t\t<div class=\"elementor-element elementor-element-9f2ab08 elementor-widget elementor-widget-image\" data-id=\"9f2ab08\" data-element_type=\"widget\" data-widget_type=\"image.default\">\n\t\t\t\t<div class=\"elementor-widget-container\">\n\t\t\t\t\t\t\t\t\t\t\t\t\t\t\t<img loading=\"lazy\" decoding=\"async\" width=\"350\" height=\"350\" src=\"https:\/\/minasecinema.repesq.ufjf.br\/wp-content\/uploads\/2023\/12\/jul-png-2-1.png\" class=\"attachment-full size-full wp-image-1188\" alt=\"\" srcset=\"https:\/\/minasecinema.repesq.ufjf.br\/wp-content\/uploads\/2023\/12\/jul-png-2-1.png 350w, https:\/\/minasecinema.repesq.ufjf.br\/wp-content\/uploads\/2023\/12\/jul-png-2-1-300x300.png 300w, https:\/\/minasecinema.repesq.ufjf.br\/wp-content\/uploads\/2023\/12\/jul-png-2-1-150x150.png 150w\" sizes=\"(max-width: 350px) 100vw, 350px\" \/>\t\t\t\t\t\t\t\t\t\t\t\t\t\t\t<\/div>\n\t\t\t\t<\/div>\n\t\t\t\t<div class=\"elementor-element elementor-element-cd7bdd0 elementor-widget elementor-widget-heading\" data-id=\"cd7bdd0\" data-element_type=\"widget\" data-widget_type=\"heading.default\">\n\t\t\t\t<div class=\"elementor-widget-container\">\n\t\t\t\t\t<h5 class=\"elementor-heading-title elementor-size-default\"><a href=\"https:\/\/storage.googleapis.com\/production-hostgator-brasil-v1-0-0\/050\/1181050\/9K2kdj6m\/3abf52eb914542fea30031c428f1089b?fileName=julho.pdf\">Julho<\/a><\/h5>\t\t\t\t<\/div>\n\t\t\t\t<\/div>\n\t\t\t\t<\/div>\n\t\t<div class=\"has_eae_slider elementor-element elementor-element-f6bccd4 e-con-full e-flex e-con e-child\" data-eae-slider=\"34235\" data-id=\"f6bccd4\" data-element_type=\"container\" data-settings=\"{&quot;background_background&quot;:&quot;classic&quot;}\">\n\t\t\t\t<div class=\"elementor-element elementor-element-3f82680 elementor-widget elementor-widget-image\" data-id=\"3f82680\" data-element_type=\"widget\" data-widget_type=\"image.default\">\n\t\t\t\t<div class=\"elementor-widget-container\">\n\t\t\t\t\t\t\t\t\t\t\t\t\t\t\t<img loading=\"lazy\" decoding=\"async\" width=\"350\" height=\"350\" src=\"https:\/\/minasecinema.repesq.ufjf.br\/wp-content\/uploads\/2023\/12\/ago-png-2.png\" class=\"attachment-full size-full wp-image-1208\" alt=\"\" srcset=\"https:\/\/minasecinema.repesq.ufjf.br\/wp-content\/uploads\/2023\/12\/ago-png-2.png 350w, https:\/\/minasecinema.repesq.ufjf.br\/wp-content\/uploads\/2023\/12\/ago-png-2-300x300.png 300w, https:\/\/minasecinema.repesq.ufjf.br\/wp-content\/uploads\/2023\/12\/ago-png-2-150x150.png 150w\" sizes=\"(max-width: 350px) 100vw, 350px\" \/>\t\t\t\t\t\t\t\t\t\t\t\t\t\t\t<\/div>\n\t\t\t\t<\/div>\n\t\t\t\t<div class=\"elementor-element elementor-element-befbd4e elementor-widget elementor-widget-heading\" data-id=\"befbd4e\" data-element_type=\"widget\" data-widget_type=\"heading.default\">\n\t\t\t\t<div class=\"elementor-widget-container\">\n\t\t\t\t\t<h5 class=\"elementor-heading-title elementor-size-default\"><a href=\"https:\/\/storage.googleapis.com\/production-hostgator-brasil-v1-0-0\/050\/1181050\/9K2kdj6m\/9976c08e8f4141c1ae16f97d169004e4?fileName=agosto.pdf\">Agosto<\/a><\/h5>\t\t\t\t<\/div>\n\t\t\t\t<\/div>\n\t\t\t\t<\/div>\n\t\t\t\t\t<\/div>\n\t\t\t\t<\/div>\n\t\t\t\t<\/div>","protected":false},"excerpt":{"rendered":"<p>Cole\u00e7\u00e3o Waltencir Parizzi &#8211; Ano de 1953 Folhetos publicit\u00e1rios dos filmes exibidos nas salas de cinema administradas pela Companhia Central de Divers\u00f5es no ano de 1953. Acesse os folhetos publicit\u00e1rios dos seguintes meses: Janeiro Fevereiro Mar\u00e7o Abril Maio Junho Julho Agosto<\/p>","protected":false},"author":1,"featured_media":0,"parent":1016,"menu_order":0,"comment_status":"closed","ping_status":"closed","template":"elementor_header_footer","meta":{"footnotes":""},"tnc_tax_8431":[],"tnc_tax_8399":[],"tnc_tax_8396":[],"tnc_tax_8393":[],"tnc_tax_6759":[],"tnc_tax_6723":[],"tnc_tax_4866":[],"tnc_tax_3507":[],"class_list":["post-1273","page","type-page","status-publish","hentry"],"blocksy_meta":[],"_links":{"self":[{"href":"https:\/\/minasecinema.repesq.ufjf.br\/en\/wp-json\/wp\/v2\/pages\/1273","targetHints":{"allow":["GET"]}}],"collection":[{"href":"https:\/\/minasecinema.repesq.ufjf.br\/en\/wp-json\/wp\/v2\/pages"}],"about":[{"href":"https:\/\/minasecinema.repesq.ufjf.br\/en\/wp-json\/wp\/v2\/types\/page"}],"author":[{"embeddable":true,"href":"https:\/\/minasecinema.repesq.ufjf.br\/en\/wp-json\/wp\/v2\/users\/1"}],"replies":[{"embeddable":true,"href":"https:\/\/minasecinema.repesq.ufjf.br\/en\/wp-json\/wp\/v2\/comments?post=1273"}],"version-history":[{"count":4,"href":"https:\/\/minasecinema.repesq.ufjf.br\/en\/wp-json\/wp\/v2\/pages\/1273\/revisions"}],"predecessor-version":[{"id":1277,"href":"https:\/\/minasecinema.repesq.ufjf.br\/en\/wp-json\/wp\/v2\/pages\/1273\/revisions\/1277"}],"up":[{"embeddable":true,"href":"https:\/\/minasecinema.repesq.ufjf.br\/en\/wp-json\/wp\/v2\/pages\/1016"}],"wp:attachment":[{"href":"https:\/\/minasecinema.repesq.ufjf.br\/en\/wp-json\/wp\/v2\/media?parent=1273"}],"wp:term":[{"taxonomy":"tnc_tax_8431","embeddable":true,"href":"https:\/\/minasecinema.repesq.ufjf.br\/en\/wp-json\/wp\/v2\/tnc_tax_8431?post=1273"},{"taxonomy":"tnc_tax_8399","embeddable":true,"href":"https:\/\/minasecinema.repesq.ufjf.br\/en\/wp-json\/wp\/v2\/tnc_tax_8399?post=1273"},{"taxonomy":"tnc_tax_8396","embeddable":true,"href":"https:\/\/minasecinema.repesq.ufjf.br\/en\/wp-json\/wp\/v2\/tnc_tax_8396?post=1273"},{"taxonomy":"tnc_tax_8393","embeddable":true,"href":"https:\/\/minasecinema.repesq.ufjf.br\/en\/wp-json\/wp\/v2\/tnc_tax_8393?post=1273"},{"taxonomy":"tnc_tax_6759","embeddable":true,"href":"https:\/\/minasecinema.repesq.ufjf.br\/en\/wp-json\/wp\/v2\/tnc_tax_6759?post=1273"},{"taxonomy":"tnc_tax_6723","embeddable":true,"href":"https:\/\/minasecinema.repesq.ufjf.br\/en\/wp-json\/wp\/v2\/tnc_tax_6723?post=1273"},{"taxonomy":"tnc_tax_4866","embeddable":true,"href":"https:\/\/minasecinema.repesq.ufjf.br\/en\/wp-json\/wp\/v2\/tnc_tax_4866?post=1273"},{"taxonomy":"tnc_tax_3507","embeddable":true,"href":"https:\/\/minasecinema.repesq.ufjf.br\/en\/wp-json\/wp\/v2\/tnc_tax_3507?post=1273"}],"curies":[{"name":"wp","href":"https:\/\/api.w.org\/{rel}","templated":true}]}}