{"id":193,"date":"2023-10-25T21:40:25","date_gmt":"2023-10-25T21:40:25","guid":{"rendered":"https:\/\/minasecinema.com.br\/novo\/?page_id=193"},"modified":"2025-08-21T17:40:43","modified_gmt":"2025-08-21T17:40:43","slug":"publicacoes-do-projeto","status":"publish","type":"page","link":"https:\/\/minasecinema.repesq.ufjf.br\/en\/publicacoes-do-projeto\/","title":{"rendered":"Project Publications"},"content":{"rendered":"\t\t<div data-elementor-type=\"wp-page\" data-elementor-id=\"193\" class=\"elementor elementor-193\">\n\t\t\t\t<div class=\"has_eae_slider elementor-element elementor-element-d51ceda e-flex e-con-boxed elementor-invisible e-con e-parent\" data-eae-slider=\"18885\" data-id=\"d51ceda\" data-element_type=\"container\" data-settings=\"{&quot;background_background&quot;:&quot;classic&quot;,&quot;shape_divider_bottom&quot;:&quot;waves&quot;,&quot;animation&quot;:&quot;fadeIn&quot;}\">\n\t\t\t\t\t<div class=\"e-con-inner\">\n\t\t\t\t<div class=\"elementor-shape elementor-shape-bottom\" aria-hidden=\"true\" data-negative=\"false\">\n\t\t\t<svg xmlns=\"http:\/\/www.w3.org\/2000\/svg\" viewBox=\"0 0 1000 100\" preserveAspectRatio=\"none\">\n\t<path class=\"elementor-shape-fill\" d=\"M421.9,6.5c22.6-2.5,51.5,0.4,75.5,5.3c23.6,4.9,70.9,23.5,100.5,35.7c75.8,32.2,133.7,44.5,192.6,49.7\n\tc23.6,2.1,48.7,3.5,103.4-2.5c54.7-6,106.2-25.6,106.2-25.6V0H0v30.3c0,0,72,32.6,158.4,30.5c39.2-0.7,92.8-6.7,134-22.4\n\tc21.2-8.1,52.2-18.2,79.7-24.2C399.3,7.9,411.6,7.5,421.9,6.5z\"\/>\n<\/svg>\t\t<\/div>\n\t\t\t\t<div class=\"elementor-element elementor-element-88ccace elementor-widget elementor-widget-spacer\" data-id=\"88ccace\" data-element_type=\"widget\" data-widget_type=\"spacer.default\">\n\t\t\t\t<div class=\"elementor-widget-container\">\n\t\t\t\t\t\t\t<div class=\"elementor-spacer\">\n\t\t\t<div class=\"elementor-spacer-inner\"><\/div>\n\t\t<\/div>\n\t\t\t\t\t\t<\/div>\n\t\t\t\t<\/div>\n\t\t\t\t<div class=\"elementor-element elementor-element-fd10f02 elementor-widget elementor-widget-heading\" data-id=\"fd10f02\" data-element_type=\"widget\" data-widget_type=\"heading.default\">\n\t\t\t\t<div class=\"elementor-widget-container\">\n\t\t\t\t\t<h1 class=\"elementor-heading-title elementor-size-default\">O Projeto<\/h1>\t\t\t\t<\/div>\n\t\t\t\t<\/div>\n\t\t\t\t<div class=\"elementor-element elementor-element-8be3f2a elementor-widget elementor-widget-heading\" data-id=\"8be3f2a\" data-element_type=\"widget\" data-widget_type=\"heading.default\">\n\t\t\t\t<div class=\"elementor-widget-container\">\n\t\t\t\t\t<h4 class=\"elementor-heading-title elementor-size-default\">Livros<\/h4>\t\t\t\t<\/div>\n\t\t\t\t<\/div>\n\t\t\t\t<div class=\"elementor-element elementor-element-87f33c4 elementor-widget elementor-widget-text-editor\" data-id=\"87f33c4\" data-element_type=\"widget\" data-widget_type=\"text-editor.default\">\n\t\t\t\t<div class=\"elementor-widget-container\">\n\t\t\t\t\t\t\t\t\t<p>Segue abaixo os links para livros publicados:<\/p>\t\t\t\t\t\t\t\t<\/div>\n\t\t\t\t<\/div>\n\t\t\t\t<div class=\"elementor-element elementor-element-b41d86f elementor-widget elementor-widget-spacer\" data-id=\"b41d86f\" data-element_type=\"widget\" data-widget_type=\"spacer.default\">\n\t\t\t\t<div class=\"elementor-widget-container\">\n\t\t\t\t\t\t\t<div class=\"elementor-spacer\">\n\t\t\t<div class=\"elementor-spacer-inner\"><\/div>\n\t\t<\/div>\n\t\t\t\t\t\t<\/div>\n\t\t\t\t<\/div>\n\t\t\t\t\t<\/div>\n\t\t\t\t<\/div>\n\t\t<div class=\"has_eae_slider elementor-element elementor-element-8851d34 e-flex e-con-boxed elementor-invisible e-con e-parent\" data-eae-slider=\"64740\" data-id=\"8851d34\" data-element_type=\"container\" data-settings=\"{&quot;background_background&quot;:&quot;classic&quot;,&quot;shape_divider_bottom&quot;:&quot;waves&quot;,&quot;animation&quot;:&quot;fadeIn&quot;}\">\n\t\t\t\t\t<div class=\"e-con-inner\">\n\t\t\t\t<div class=\"elementor-shape elementor-shape-bottom\" aria-hidden=\"true\" data-negative=\"false\">\n\t\t\t<svg xmlns=\"http:\/\/www.w3.org\/2000\/svg\" viewBox=\"0 0 1000 100\" preserveAspectRatio=\"none\">\n\t<path class=\"elementor-shape-fill\" d=\"M421.9,6.5c22.6-2.5,51.5,0.4,75.5,5.3c23.6,4.9,70.9,23.5,100.5,35.7c75.8,32.2,133.7,44.5,192.6,49.7\n\tc23.6,2.1,48.7,3.5,103.4-2.5c54.7-6,106.2-25.6,106.2-25.6V0H0v30.3c0,0,72,32.6,158.4,30.5c39.2-0.7,92.8-6.7,134-22.4\n\tc21.2-8.1,52.2-18.2,79.7-24.2C399.3,7.9,411.6,7.5,421.9,6.5z\"\/>\n<\/svg>\t\t<\/div>\n\t\t<div class=\"has_eae_slider elementor-element elementor-element-31cc9a9 e-con-full e-flex e-con e-child\" data-eae-slider=\"47694\" data-id=\"31cc9a9\" data-element_type=\"container\" data-settings=\"{&quot;background_background&quot;:&quot;classic&quot;}\">\n\t\t\t\t<div class=\"elementor-element elementor-element-17bacff elementor-widget elementor-widget-image\" data-id=\"17bacff\" data-element_type=\"widget\" data-widget_type=\"image.default\">\n\t\t\t\t<div class=\"elementor-widget-container\">\n\t\t\t\t\t\t\t\t\t\t\t\t\t\t\t<img decoding=\"async\" src=\"https:\/\/minasecinema.repesq.ufjf.br\/wp-content\/uploads\/2023\/11\/m-2-e1701216068896.png\" title=\"m\" alt=\"m\" loading=\"lazy\" \/>\t\t\t\t\t\t\t\t\t\t\t\t\t\t\t<\/div>\n\t\t\t\t<\/div>\n\t\t\t\t<div class=\"elementor-element elementor-element-78d4a87 elementor-widget elementor-widget-heading\" data-id=\"78d4a87\" data-element_type=\"widget\" data-widget_type=\"heading.default\">\n\t\t\t\t<div class=\"elementor-widget-container\">\n\t\t\t\t\t<h5 class=\"elementor-heading-title elementor-size-default\"><a href=\"https:\/\/minasecinema.repesq.ufjf.br\/publicacoes-do-projeto\/livro-cinema-em-juiz-de-fora\/\">Cinema em Juiz de Fora<\/a><\/h5>\t\t\t\t<\/div>\n\t\t\t\t<\/div>\n\t\t\t\t<\/div>\n\t\t<div class=\"has_eae_slider elementor-element elementor-element-c4b7d8f e-con-full e-flex e-con e-child\" data-eae-slider=\"12080\" data-id=\"c4b7d8f\" data-element_type=\"container\" data-settings=\"{&quot;background_background&quot;:&quot;classic&quot;}\">\n\t\t\t\t<div class=\"elementor-element elementor-element-71b01bc elementor-widget elementor-widget-image\" data-id=\"71b01bc\" data-element_type=\"widget\" data-widget_type=\"image.default\">\n\t\t\t\t<div class=\"elementor-widget-container\">\n\t\t\t\t\t\t\t\t\t\t\t\t\t\t\t<img decoding=\"async\" src=\"https:\/\/minasecinema.repesq.ufjf.br\/wp-content\/uploads\/2023\/11\/m-1-1-e1701216180845.png\" title=\"m (1)\" alt=\"m (1)\" loading=\"lazy\" \/>\t\t\t\t\t\t\t\t\t\t\t\t\t\t\t<\/div>\n\t\t\t\t<\/div>\n\t\t\t\t<div class=\"elementor-element elementor-element-32d428a elementor-widget elementor-widget-heading\" data-id=\"32d428a\" data-element_type=\"widget\" data-widget_type=\"heading.default\">\n\t\t\t\t<div class=\"elementor-widget-container\">\n\t\t\t\t\t<h5 class=\"elementor-heading-title elementor-size-default\"><a href=\"https:\/\/minasecinema.repesq.ufjf.br\/publicacoes-do-projeto\/livro-historias-de-cinemas-de-rua-de-minas-gerais\/\">Hist\u00f3ria de Cinemas de Rua de Minas Gerais<\/a><\/h5>\t\t\t\t<\/div>\n\t\t\t\t<\/div>\n\t\t\t\t<\/div>\n\t\t\t\t\t<\/div>\n\t\t\t\t<\/div>\n\t\t<div class=\"has_eae_slider elementor-element elementor-element-6c3ec18 e-flex e-con-boxed elementor-invisible e-con e-parent\" data-eae-slider=\"15822\" data-id=\"6c3ec18\" data-element_type=\"container\" data-settings=\"{&quot;background_background&quot;:&quot;classic&quot;,&quot;shape_divider_bottom&quot;:&quot;waves&quot;,&quot;animation&quot;:&quot;fadeIn&quot;}\">\n\t\t\t\t\t<div class=\"e-con-inner\">\n\t\t\t\t<div class=\"elementor-shape elementor-shape-bottom\" aria-hidden=\"true\" data-negative=\"false\">\n\t\t\t<svg xmlns=\"http:\/\/www.w3.org\/2000\/svg\" viewBox=\"0 0 1000 100\" preserveAspectRatio=\"none\">\n\t<path class=\"elementor-shape-fill\" d=\"M421.9,6.5c22.6-2.5,51.5,0.4,75.5,5.3c23.6,4.9,70.9,23.5,100.5,35.7c75.8,32.2,133.7,44.5,192.6,49.7\n\tc23.6,2.1,48.7,3.5,103.4-2.5c54.7-6,106.2-25.6,106.2-25.6V0H0v30.3c0,0,72,32.6,158.4,30.5c39.2-0.7,92.8-6.7,134-22.4\n\tc21.2-8.1,52.2-18.2,79.7-24.2C399.3,7.9,411.6,7.5,421.9,6.5z\"\/>\n<\/svg>\t\t<\/div>\n\t\t\t\t<div class=\"elementor-element elementor-element-e32b46b elementor-widget elementor-widget-spacer\" data-id=\"e32b46b\" data-element_type=\"widget\" data-widget_type=\"spacer.default\">\n\t\t\t\t<div class=\"elementor-widget-container\">\n\t\t\t\t\t\t\t<div class=\"elementor-spacer\">\n\t\t\t<div class=\"elementor-spacer-inner\"><\/div>\n\t\t<\/div>\n\t\t\t\t\t\t<\/div>\n\t\t\t\t<\/div>\n\t\t\t\t<div class=\"elementor-element elementor-element-303dc1f elementor-widget elementor-widget-heading\" data-id=\"303dc1f\" data-element_type=\"widget\" data-widget_type=\"heading.default\">\n\t\t\t\t<div class=\"elementor-widget-container\">\n\t\t\t\t\t<h3 class=\"elementor-heading-title elementor-size-default\">Artigos<\/h3>\t\t\t\t<\/div>\n\t\t\t\t<\/div>\n\t\t\t\t<div class=\"elementor-element elementor-element-14e340a elementor-widget elementor-widget-heading\" data-id=\"14e340a\" data-element_type=\"widget\" data-widget_type=\"heading.default\">\n\t\t\t\t<div class=\"elementor-widget-container\">\n\t\t\t\t\t<h5 class=\"elementor-heading-title elementor-size-default\">Segue abaixo os links para artigos publicados:<\/h5>\t\t\t\t<\/div>\n\t\t\t\t<\/div>\n\t\t\t\t<div class=\"elementor-element elementor-element-52de9e7 elementor-widget elementor-widget-text-editor\" data-id=\"52de9e7\" data-element_type=\"widget\" data-widget_type=\"text-editor.default\">\n\t\t\t\t<div class=\"elementor-widget-container\">\n\t\t\t\t\t\t\t\t\t<p><span style=\"color: #000000;\"><a style=\"color: #000000;\" href=\"https:\/\/www2.ufjf.br\/minasecinema\/wp-content\/uploads\/sites\/292\/2021\/05\/1362945473_ARQUIVO_textoFORMATOANPUHCEC.pdf\" target=\"_blank\" rel=\"noopener noreferrer\">BRUM, Alessandra. Centro de Estudos Cinematogr\u00e1ficos de Juiz de Fora: por um cinema de arte. In: Simp\u00f3sio Nacional de Hist\u00f3ria, 27., 2013, Natal.<\/a><\/span><\/p><p><span style=\"color: #000000;\"><a style=\"color: #000000;\" href=\"https:\/\/periodicos.ufmg.br\/index.php\/revistapos\/article\/view\/15741\" data-href=\"\/estratigias-de-persuasco-o-cinema-visto-pelo-semanario-lar-catslico\">BRUM, Alessandra. Estrat\u00e9gias de Persuas\u00e3o: O cinema visto pelo seman\u00e1rio Lar Cat\u00f3lico. P\u00d3S: Revista do Programa de P\u00f3s-gradua\u00e7\u00e3o em Artes da EBA\/UFMG, [S. l.], p. 99\u2013109, 2016.<\/a><\/span><\/p><p><span style=\"color: #000000;\"><a style=\"color: #000000;\" href=\"https:\/\/onedrive.live.com\/?authkey=%21AO25y%2DBUmEqtsAg&amp;id=647C7AB76812D8E0%2152824&amp;cid=647C7AB76812D8E0&amp;parId=root&amp;parQt=sharedby&amp;o=OneUp\">BRUM, Alessandra. O acervo fotogr\u00e1fico da Carri\u00e7o Film no Museu Mariano Proc\u00f3pio: primeiras impress\u00f5es. In: \u00a0Christo, Maraliz; Costa J\u00fanior; Martinho. Di\u00e1logos sobre Hist\u00f3ria, Cultura e Imagem: 10 anos do Laborat\u00f3rio de Hist\u00f3ria da Arte. Juiz de Fora: Editora da UFJF\/Cliodel, vol. 1, p. 9-24, 2023.<\/a><\/span><\/p>\t\t\t\t\t\t\t\t<\/div>\n\t\t\t\t<\/div>\n\t\t\t\t<div class=\"elementor-element elementor-element-1b92474 elementor-widget elementor-widget-spacer\" data-id=\"1b92474\" data-element_type=\"widget\" data-widget_type=\"spacer.default\">\n\t\t\t\t<div class=\"elementor-widget-container\">\n\t\t\t\t\t\t\t<div class=\"elementor-spacer\">\n\t\t\t<div class=\"elementor-spacer-inner\"><\/div>\n\t\t<\/div>\n\t\t\t\t\t\t<\/div>\n\t\t\t\t<\/div>\n\t\t\t\t\t<\/div>\n\t\t\t\t<\/div>\n\t\t<div class=\"has_eae_slider elementor-element elementor-element-a8a5974 e-flex e-con-boxed elementor-invisible e-con e-parent\" data-eae-slider=\"99344\" data-id=\"a8a5974\" data-element_type=\"container\" data-settings=\"{&quot;background_background&quot;:&quot;classic&quot;,&quot;shape_divider_bottom&quot;:&quot;waves&quot;,&quot;animation&quot;:&quot;fadeIn&quot;}\">\n\t\t\t\t\t<div class=\"e-con-inner\">\n\t\t\t\t<div class=\"elementor-shape elementor-shape-bottom\" aria-hidden=\"true\" data-negative=\"false\">\n\t\t\t<svg xmlns=\"http:\/\/www.w3.org\/2000\/svg\" viewBox=\"0 0 1000 100\" preserveAspectRatio=\"none\">\n\t<path class=\"elementor-shape-fill\" d=\"M421.9,6.5c22.6-2.5,51.5,0.4,75.5,5.3c23.6,4.9,70.9,23.5,100.5,35.7c75.8,32.2,133.7,44.5,192.6,49.7\n\tc23.6,2.1,48.7,3.5,103.4-2.5c54.7-6,106.2-25.6,106.2-25.6V0H0v30.3c0,0,72,32.6,158.4,30.5c39.2-0.7,92.8-6.7,134-22.4\n\tc21.2-8.1,52.2-18.2,79.7-24.2C399.3,7.9,411.6,7.5,421.9,6.5z\"\/>\n<\/svg>\t\t<\/div>\n\t\t\t\t<div class=\"elementor-element elementor-element-7324b86 elementor-widget elementor-widget-spacer\" data-id=\"7324b86\" data-element_type=\"widget\" data-widget_type=\"spacer.default\">\n\t\t\t\t<div class=\"elementor-widget-container\">\n\t\t\t\t\t\t\t<div class=\"elementor-spacer\">\n\t\t\t<div class=\"elementor-spacer-inner\"><\/div>\n\t\t<\/div>\n\t\t\t\t\t\t<\/div>\n\t\t\t\t<\/div>\n\t\t\t\t<div class=\"elementor-element elementor-element-8608a64 elementor-widget elementor-widget-heading\" data-id=\"8608a64\" data-element_type=\"widget\" data-widget_type=\"heading.default\">\n\t\t\t\t<div class=\"elementor-widget-container\">\n\t\t\t\t\t<h3 class=\"elementor-heading-title elementor-size-default\">Disserta\u00e7\u00e3o<\/h3>\t\t\t\t<\/div>\n\t\t\t\t<\/div>\n\t\t\t\t<div class=\"elementor-element elementor-element-607c42f elementor-widget elementor-widget-text-editor\" data-id=\"607c42f\" data-element_type=\"widget\" data-widget_type=\"text-editor.default\">\n\t\t\t\t<div class=\"elementor-widget-container\">\n\t\t\t\t\t\t\t\t\t<p><a href=\"https:\/\/storage.googleapis.com\/production-hostgator-brasil-v1-0-0\/050\/1181050\/9K2kdj6m\/7b91c2d3aa4c42039c6a6dc816fb1763?fileName=Dissertacao%204.8%20com%20termo%20de%20aprovacao.pdf\">FROES, Natalia Teles Silva e. &#8220;Mapeamento dos espa\u00e7os de Exibi\u00e7\u00e3o de Juiz de Fora: Historiografia, mapas interativos e um passeio pela cidade&#8221;.\u00a0Disserta\u00e7\u00e3o apresentada ao Programa de P\u00f3s Gradua\u00e7\u00e3o em Arte, Cultura e Linguagens da Universidade Federal de Juiz de Fora. Juiz de Fora, 2022.<\/a><\/p><p><a href=\"https:\/\/www2.ufjf.br\/minasecinema\/wp-content\/uploads\/sites\/292\/2021\/05\/1362945473_ARQUIVO_textoFORMATOANPUHCEC.pdf\" target=\"_blank\" rel=\"noopener noreferrer\">BRUM, Alessandra. Centro de Estudos Cinematogr\u00e1ficos de Juiz de Fora: por um cinema de arte. In: Simp\u00f3sio Nacional de Hist\u00f3ria, 27., 2013, Natal.<\/a><\/p>\t\t\t\t\t\t\t\t<\/div>\n\t\t\t\t<\/div>\n\t\t\t\t<div class=\"elementor-element elementor-element-88bc4ad elementor-widget elementor-widget-spacer\" data-id=\"88bc4ad\" data-element_type=\"widget\" data-widget_type=\"spacer.default\">\n\t\t\t\t<div class=\"elementor-widget-container\">\n\t\t\t\t\t\t\t<div class=\"elementor-spacer\">\n\t\t\t<div class=\"elementor-spacer-inner\"><\/div>\n\t\t<\/div>\n\t\t\t\t\t\t<\/div>\n\t\t\t\t<\/div>\n\t\t\t\t\t<\/div>\n\t\t\t\t<\/div>\n\t\t\t\t<\/div>\n\t\t","protected":false},"excerpt":{"rendered":"<p>O Projeto Livros Segue abaixo os links para livros publicados: Cinema em Juiz de Fora Hist\u00f3ria de Cinemas de Rua de Minas Gerais Artigos Segue abaixo os links para artigos publicados: BRUM, Alessandra. Centro de Estudos Cinematogr\u00e1ficos de Juiz de Fora: por um cinema de arte. In: Simp\u00f3sio Nacional de Hist\u00f3ria, 27., 2013, Natal. BRUM, [&hellip;]<\/p>\n","protected":false},"author":1,"featured_media":0,"parent":0,"menu_order":0,"comment_status":"closed","ping_status":"closed","template":"elementor_header_footer","meta":{"footnotes":""},"tnc_tax_8431":[],"tnc_tax_8399":[],"tnc_tax_8396":[],"tnc_tax_8393":[],"tnc_tax_6759":[],"tnc_tax_6723":[],"tnc_tax_4866":[],"tnc_tax_3507":[],"class_list":["post-193","page","type-page","status-publish","hentry"],"blocksy_meta":[],"_links":{"self":[{"href":"https:\/\/minasecinema.repesq.ufjf.br\/en\/wp-json\/wp\/v2\/pages\/193","targetHints":{"allow":["GET"]}}],"collection":[{"href":"https:\/\/minasecinema.repesq.ufjf.br\/en\/wp-json\/wp\/v2\/pages"}],"about":[{"href":"https:\/\/minasecinema.repesq.ufjf.br\/en\/wp-json\/wp\/v2\/types\/page"}],"author":[{"embeddable":true,"href":"https:\/\/minasecinema.repesq.ufjf.br\/en\/wp-json\/wp\/v2\/users\/1"}],"replies":[{"embeddable":true,"href":"https:\/\/minasecinema.repesq.ufjf.br\/en\/wp-json\/wp\/v2\/comments?post=193"}],"version-history":[{"count":67,"href":"https:\/\/minasecinema.repesq.ufjf.br\/en\/wp-json\/wp\/v2\/pages\/193\/revisions"}],"predecessor-version":[{"id":53722,"href":"https:\/\/minasecinema.repesq.ufjf.br\/en\/wp-json\/wp\/v2\/pages\/193\/revisions\/53722"}],"wp:attachment":[{"href":"https:\/\/minasecinema.repesq.ufjf.br\/en\/wp-json\/wp\/v2\/media?parent=193"}],"wp:term":[{"taxonomy":"tnc_tax_8431","embeddable":true,"href":"https:\/\/minasecinema.repesq.ufjf.br\/en\/wp-json\/wp\/v2\/tnc_tax_8431?post=193"},{"taxonomy":"tnc_tax_8399","embeddable":true,"href":"https:\/\/minasecinema.repesq.ufjf.br\/en\/wp-json\/wp\/v2\/tnc_tax_8399?post=193"},{"taxonomy":"tnc_tax_8396","embeddable":true,"href":"https:\/\/minasecinema.repesq.ufjf.br\/en\/wp-json\/wp\/v2\/tnc_tax_8396?post=193"},{"taxonomy":"tnc_tax_8393","embeddable":true,"href":"https:\/\/minasecinema.repesq.ufjf.br\/en\/wp-json\/wp\/v2\/tnc_tax_8393?post=193"},{"taxonomy":"tnc_tax_6759","embeddable":true,"href":"https:\/\/minasecinema.repesq.ufjf.br\/en\/wp-json\/wp\/v2\/tnc_tax_6759?post=193"},{"taxonomy":"tnc_tax_6723","embeddable":true,"href":"https:\/\/minasecinema.repesq.ufjf.br\/en\/wp-json\/wp\/v2\/tnc_tax_6723?post=193"},{"taxonomy":"tnc_tax_4866","embeddable":true,"href":"https:\/\/minasecinema.repesq.ufjf.br\/en\/wp-json\/wp\/v2\/tnc_tax_4866?post=193"},{"taxonomy":"tnc_tax_3507","embeddable":true,"href":"https:\/\/minasecinema.repesq.ufjf.br\/en\/wp-json\/wp\/v2\/tnc_tax_3507?post=193"}],"curies":[{"name":"wp","href":"https:\/\/api.w.org\/{rel}","templated":true}]}}