{"id":2044,"date":"2024-08-13T12:36:32","date_gmt":"2024-08-13T12:36:32","guid":{"rendered":"https:\/\/minasecinema.com.br\/?page_id=2044"},"modified":"2025-03-24T20:07:40","modified_gmt":"2025-03-24T20:07:40","slug":"arquivos-e-bibliotecas-de-visconde-do-rio-branco","status":"publish","type":"page","link":"https:\/\/minasecinema.repesq.ufjf.br\/en\/arquivos-e-bibliotecas-de-visconde-do-rio-branco\/","title":{"rendered":"Arquivos e bibliotecas de Visconde do Rio Branco"},"content":{"rendered":"<div data-elementor-type=\"wp-page\" data-elementor-id=\"2044\" class=\"elementor elementor-2044\">\n\t\t\t\t<div class=\"has_eae_slider elementor-element elementor-element-ef33213 e-flex e-con-boxed elementor-invisible e-con e-parent\" data-eae-slider=\"78620\" data-id=\"ef33213\" data-element_type=\"container\" data-settings=\"{&quot;background_background&quot;:&quot;classic&quot;,&quot;shape_divider_bottom&quot;:&quot;waves&quot;,&quot;animation&quot;:&quot;fadeIn&quot;}\">\n\t\t\t\t\t<div class=\"e-con-inner\">\n\t\t\t\t<div class=\"elementor-shape elementor-shape-bottom\" aria-hidden=\"true\" data-negative=\"false\">\n\t\t\t<svg xmlns=\"http:\/\/www.w3.org\/2000\/svg\" viewbox=\"0 0 1000 100\" preserveaspectratio=\"none\">\n\t<path class=\"elementor-shape-fill\" d=\"M421.9,6.5c22.6-2.5,51.5,0.4,75.5,5.3c23.6,4.9,70.9,23.5,100.5,35.7c75.8,32.2,133.7,44.5,192.6,49.7\tc23.6,2.1,48.7,3.5,103.4-2.5c54.7-6,106.2-25.6,106.2-25.6V0H0v30.3c0,0,72,32.6,158.4,30.5c39.2-0.7,92.8-6.7,134-22.4\tc21.2-8.1,52.2-18.2,79.7-24.2C399.3,7.9,411.6,7.5,421.9,6.5z\"\/>\n<\/svg>\t\t<\/div>\n\t\t\t\t<div class=\"elementor-element elementor-element-10b2b19 elementor-widget elementor-widget-spacer\" data-id=\"10b2b19\" data-element_type=\"widget\" data-widget_type=\"spacer.default\">\n\t\t\t\t<div class=\"elementor-widget-container\">\n\t\t\t\t\t\t\t<div class=\"elementor-spacer\">\n\t\t\t<div class=\"elementor-spacer-inner\"><\/div>\n\t\t<\/div>\n\t\t\t\t\t\t<\/div>\n\t\t\t\t<\/div>\n\t\t\t\t<div class=\"elementor-element elementor-element-748a3fe elementor-widget elementor-widget-heading\" data-id=\"748a3fe\" data-element_type=\"widget\" data-widget_type=\"heading.default\">\n\t\t\t\t<div class=\"elementor-widget-container\">\n\t\t\t\t\t<h2 class=\"elementor-heading-title elementor-size-default\">Arquivos e Bibliotecas de Visconde do Rio Branco<\/h2>\t\t\t\t<\/div>\n\t\t\t\t<\/div>\n\t\t\t\t<div class=\"elementor-element elementor-element-4a82890 elementor-widget elementor-widget-spacer\" data-id=\"4a82890\" data-element_type=\"widget\" data-widget_type=\"spacer.default\">\n\t\t\t\t<div class=\"elementor-widget-container\">\n\t\t\t\t\t\t\t<div class=\"elementor-spacer\">\n\t\t\t<div class=\"elementor-spacer-inner\"><\/div>\n\t\t<\/div>\n\t\t\t\t\t\t<\/div>\n\t\t\t\t<\/div>\n\t\t\t\t\t<\/div>\n\t\t\t\t<\/div>\n\t\t<div class=\"has_eae_slider elementor-element elementor-element-6b6c08e e-flex e-con-boxed e-con e-parent\" data-eae-slider=\"32419\" data-id=\"6b6c08e\" data-element_type=\"container\" data-settings=\"{&quot;background_background&quot;:&quot;classic&quot;,&quot;shape_divider_bottom&quot;:&quot;waves&quot;}\">\n\t\t\t\t\t<div class=\"e-con-inner\">\n\t\t\t\t<div class=\"elementor-shape elementor-shape-bottom\" aria-hidden=\"true\" data-negative=\"false\">\n\t\t\t<svg xmlns=\"http:\/\/www.w3.org\/2000\/svg\" viewbox=\"0 0 1000 100\" preserveaspectratio=\"none\">\n\t<path class=\"elementor-shape-fill\" d=\"M421.9,6.5c22.6-2.5,51.5,0.4,75.5,5.3c23.6,4.9,70.9,23.5,100.5,35.7c75.8,32.2,133.7,44.5,192.6,49.7\tc23.6,2.1,48.7,3.5,103.4-2.5c54.7-6,106.2-25.6,106.2-25.6V0H0v30.3c0,0,72,32.6,158.4,30.5c39.2-0.7,92.8-6.7,134-22.4\tc21.2-8.1,52.2-18.2,79.7-24.2C399.3,7.9,411.6,7.5,421.9,6.5z\"\/>\n<\/svg>\t\t<\/div>\n\t\t\t\t<div class=\"elementor-element elementor-element-e1596c7 elementor-widget elementor-widget-heading\" data-id=\"e1596c7\" data-element_type=\"widget\" data-widget_type=\"heading.default\">\n\t\t\t\t<div class=\"elementor-widget-container\">\n\t\t\t\t\t<h4 class=\"elementor-heading-title elementor-size-default\">Museu Municipal de Visconde do Rio Branco:<\/h4>\t\t\t\t<\/div>\n\t\t\t\t<\/div>\n\t\t\t\t<div class=\"elementor-element elementor-element-59be8ed elementor-widget elementor-widget-image\" data-id=\"59be8ed\" data-element_type=\"widget\" data-widget_type=\"image.default\">\n\t\t\t\t<div class=\"elementor-widget-container\">\n\t\t\t\t\t\t\t\t\t\t\t\t<figure class=\"wp-caption\">\n\t\t\t\t\t\t\t\t\t\t<img fetchpriority=\"high\" decoding=\"async\" width=\"225\" height=\"300\" src=\"https:\/\/minasecinema.repesq.ufjf.br\/wp-content\/uploads\/2024\/08\/WhatsApp-Image-2024-08-13-at-07.01.47-225x300.jpeg\" class=\"attachment-medium size-medium wp-image-2046\" alt=\"\" srcset=\"https:\/\/minasecinema.repesq.ufjf.br\/wp-content\/uploads\/2024\/08\/WhatsApp-Image-2024-08-13-at-07.01.47-225x300.jpeg 225w, https:\/\/minasecinema.repesq.ufjf.br\/wp-content\/uploads\/2024\/08\/WhatsApp-Image-2024-08-13-at-07.01.47-768x1024.jpeg 768w, https:\/\/minasecinema.repesq.ufjf.br\/wp-content\/uploads\/2024\/08\/WhatsApp-Image-2024-08-13-at-07.01.47-9x12.jpeg 9w, https:\/\/minasecinema.repesq.ufjf.br\/wp-content\/uploads\/2024\/08\/WhatsApp-Image-2024-08-13-at-07.01.47-205x273.jpeg 205w, https:\/\/minasecinema.repesq.ufjf.br\/wp-content\/uploads\/2024\/08\/WhatsApp-Image-2024-08-13-at-07.01.47-480x640.jpeg 480w, https:\/\/minasecinema.repesq.ufjf.br\/wp-content\/uploads\/2024\/08\/WhatsApp-Image-2024-08-13-at-07.01.47.jpeg 960w\" sizes=\"(max-width: 225px) 100vw, 225px\" \/>\t\t\t\t\t\t\t\t\t\t\t<figcaption class=\"widget-image-caption wp-caption-text\">Imagem 1: Faixada do Museu Municipal de Visconde do Rio Branco<\/figcaption>\n\t\t\t\t\t\t\t\t\t\t<\/figure>\n\t\t\t\t\t\t\t\t\t<\/div>\n\t\t\t\t<\/div>\n\t\t\t\t<div class=\"elementor-element elementor-element-1385119 elementor-widget__width-initial elementor-widget elementor-widget-text-editor\" data-id=\"1385119\" data-element_type=\"widget\" data-widget_type=\"text-editor.default\">\n\t\t\t\t<div class=\"elementor-widget-container\">\n\t\t\t\t\t\t\t\t\t<p>Fundadora, curadora e diretora do museu &#8211; Theresinha de Almeida Pinto<br \/>Secret\u00e1ria &#8211; Sandra Medina<br \/>Apoiadores &#8211; Associa\u00e7\u00e3o dos amigos do Museu<br \/>Endere\u00e7o: Rua do Divino, n\u00ba40 \u2013 Visconde do Rio Branco<br \/>Contato: museuvrb@gmail.com<\/p>\t\t\t\t\t\t\t\t<\/div>\n\t\t\t\t<\/div>\n\t\t\t\t<div class=\"elementor-element elementor-element-31c636f elementor-widget elementor-widget-spacer\" data-id=\"31c636f\" data-element_type=\"widget\" data-widget_type=\"spacer.default\">\n\t\t\t\t<div class=\"elementor-widget-container\">\n\t\t\t\t\t\t\t<div class=\"elementor-spacer\">\n\t\t\t<div class=\"elementor-spacer-inner\"><\/div>\n\t\t<\/div>\n\t\t\t\t\t\t<\/div>\n\t\t\t\t<\/div>\n\t\t\t\t<div class=\"elementor-element elementor-element-0a67b70 elementor-widget elementor-widget-heading\" data-id=\"0a67b70\" data-element_type=\"widget\" data-widget_type=\"heading.default\">\n\t\t\t\t<div class=\"elementor-widget-container\">\n\t\t\t\t\t<h4 class=\"elementor-heading-title elementor-size-default\">Academia Riobranquense de Letras<\/h4>\t\t\t\t<\/div>\n\t\t\t\t<\/div>\n\t\t\t\t<div class=\"elementor-element elementor-element-4a7a417 elementor-widget elementor-widget-image\" data-id=\"4a7a417\" data-element_type=\"widget\" data-widget_type=\"image.default\">\n\t\t\t\t<div class=\"elementor-widget-container\">\n\t\t\t\t\t\t\t\t\t\t\t\t<figure class=\"wp-caption\">\n\t\t\t\t\t\t\t\t\t\t<img decoding=\"async\" width=\"280\" height=\"180\" src=\"https:\/\/minasecinema.repesq.ufjf.br\/wp-content\/uploads\/2025\/03\/images.jpeg\" class=\"attachment-medium size-medium wp-image-4238\" alt=\"\" srcset=\"https:\/\/minasecinema.repesq.ufjf.br\/wp-content\/uploads\/2025\/03\/images.jpeg 280w, https:\/\/minasecinema.repesq.ufjf.br\/wp-content\/uploads\/2025\/03\/images-18x12.jpeg 18w, https:\/\/minasecinema.repesq.ufjf.br\/wp-content\/uploads\/2025\/03\/images-205x132.jpeg 205w\" sizes=\"(max-width: 280px) 100vw, 280px\" \/>\t\t\t\t\t\t\t\t\t\t\t<figcaption class=\"widget-image-caption wp-caption-text\">Imagem 1: Faixada o pr\u00e9dio da Academia Riobranquense de Letras<\/figcaption>\n\t\t\t\t\t\t\t\t\t\t<\/figure>\n\t\t\t\t\t\t\t\t\t<\/div>\n\t\t\t\t<\/div>\n\t\t\t\t<div class=\"elementor-element elementor-element-2b56921 elementor-widget__width-initial elementor-widget elementor-widget-text-editor\" data-id=\"2b56921\" data-element_type=\"widget\" data-widget_type=\"text-editor.default\">\n\t\t\t\t<div class=\"elementor-widget-container\">\n\t\t\t\t\t\t\t\t\t<p>Fundada em 25 de Agosto de 1993<\/p><p>Presidente: Cl\u00e9ber Lima da Silva<\/p><p>Endere\u00e7o: Rua do Adro, n\u00ba 5 &#8211; Pra\u00e7a 28 de setembro<\/p>\t\t\t\t\t\t\t\t<\/div>\n\t\t\t\t<\/div>\n\t\t\t\t\t<\/div>\n\t\t\t\t<\/div>\n\t\t\t\t<\/div>","protected":false},"excerpt":{"rendered":"<p>Arquivos e Bibliotecas de Visconde do Rio Branco Museu Municipal de Visconde do Rio Branco: Imagem 1: Faixada do Museu Municipal de Visconde do Rio Branco Fundadora, curadora e diretora do museu &#8211; Theresinha de Almeida PintoSecret\u00e1ria &#8211; Sandra MedinaApoiadores &#8211; Associa\u00e7\u00e3o dos amigos do MuseuEndere\u00e7o: Rua do Divino, n\u00ba40 \u2013 Visconde do Rio BrancoContato: [&hellip;]<\/p>\n","protected":false},"author":1,"featured_media":0,"parent":0,"menu_order":0,"comment_status":"closed","ping_status":"closed","template":"elementor_header_footer","meta":{"footnotes":""},"tnc_tax_8431":[],"tnc_tax_8399":[],"tnc_tax_8396":[],"tnc_tax_8393":[],"tnc_tax_6759":[],"tnc_tax_6723":[],"tnc_tax_4866":[],"tnc_tax_3507":[],"class_list":["post-2044","page","type-page","status-publish","hentry"],"blocksy_meta":[],"_links":{"self":[{"href":"https:\/\/minasecinema.repesq.ufjf.br\/en\/wp-json\/wp\/v2\/pages\/2044","targetHints":{"allow":["GET"]}}],"collection":[{"href":"https:\/\/minasecinema.repesq.ufjf.br\/en\/wp-json\/wp\/v2\/pages"}],"about":[{"href":"https:\/\/minasecinema.repesq.ufjf.br\/en\/wp-json\/wp\/v2\/types\/page"}],"author":[{"embeddable":true,"href":"https:\/\/minasecinema.repesq.ufjf.br\/en\/wp-json\/wp\/v2\/users\/1"}],"replies":[{"embeddable":true,"href":"https:\/\/minasecinema.repesq.ufjf.br\/en\/wp-json\/wp\/v2\/comments?post=2044"}],"version-history":[{"count":13,"href":"https:\/\/minasecinema.repesq.ufjf.br\/en\/wp-json\/wp\/v2\/pages\/2044\/revisions"}],"predecessor-version":[{"id":4244,"href":"https:\/\/minasecinema.repesq.ufjf.br\/en\/wp-json\/wp\/v2\/pages\/2044\/revisions\/4244"}],"wp:attachment":[{"href":"https:\/\/minasecinema.repesq.ufjf.br\/en\/wp-json\/wp\/v2\/media?parent=2044"}],"wp:term":[{"taxonomy":"tnc_tax_8431","embeddable":true,"href":"https:\/\/minasecinema.repesq.ufjf.br\/en\/wp-json\/wp\/v2\/tnc_tax_8431?post=2044"},{"taxonomy":"tnc_tax_8399","embeddable":true,"href":"https:\/\/minasecinema.repesq.ufjf.br\/en\/wp-json\/wp\/v2\/tnc_tax_8399?post=2044"},{"taxonomy":"tnc_tax_8396","embeddable":true,"href":"https:\/\/minasecinema.repesq.ufjf.br\/en\/wp-json\/wp\/v2\/tnc_tax_8396?post=2044"},{"taxonomy":"tnc_tax_8393","embeddable":true,"href":"https:\/\/minasecinema.repesq.ufjf.br\/en\/wp-json\/wp\/v2\/tnc_tax_8393?post=2044"},{"taxonomy":"tnc_tax_6759","embeddable":true,"href":"https:\/\/minasecinema.repesq.ufjf.br\/en\/wp-json\/wp\/v2\/tnc_tax_6759?post=2044"},{"taxonomy":"tnc_tax_6723","embeddable":true,"href":"https:\/\/minasecinema.repesq.ufjf.br\/en\/wp-json\/wp\/v2\/tnc_tax_6723?post=2044"},{"taxonomy":"tnc_tax_4866","embeddable":true,"href":"https:\/\/minasecinema.repesq.ufjf.br\/en\/wp-json\/wp\/v2\/tnc_tax_4866?post=2044"},{"taxonomy":"tnc_tax_3507","embeddable":true,"href":"https:\/\/minasecinema.repesq.ufjf.br\/en\/wp-json\/wp\/v2\/tnc_tax_3507?post=2044"}],"curies":[{"name":"wp","href":"https:\/\/api.w.org\/{rel}","templated":true}]}}