{"id":2166,"date":"2024-11-04T17:04:28","date_gmt":"2024-11-04T17:04:28","guid":{"rendered":"https:\/\/minasecinema.com.br\/?page_id=2166"},"modified":"2025-10-05T21:18:56","modified_gmt":"2025-10-05T21:18:56","slug":"acervo-jotta-barroso","status":"publish","type":"page","link":"https:\/\/minasecinema.repesq.ufjf.br\/en\/acervo-jotta-barroso\/","title":{"rendered":"Acervo Jotta Barroso"},"content":{"rendered":"<div data-elementor-type=\"wp-page\" data-elementor-id=\"2166\" class=\"elementor elementor-2166\">\n\t\t\t\t<div class=\"has_eae_slider elementor-element elementor-element-d51ceda e-flex e-con-boxed elementor-invisible e-con e-parent\" data-eae-slider=\"31017\" data-id=\"d51ceda\" data-element_type=\"container\" data-settings=\"{&quot;background_background&quot;:&quot;classic&quot;,&quot;shape_divider_bottom&quot;:&quot;waves&quot;,&quot;animation&quot;:&quot;fadeIn&quot;}\">\n\t\t\t\t\t<div class=\"e-con-inner\">\n\t\t\t\t<div class=\"elementor-shape elementor-shape-bottom\" aria-hidden=\"true\" data-negative=\"false\">\n\t\t\t<svg xmlns=\"http:\/\/www.w3.org\/2000\/svg\" viewbox=\"0 0 1000 100\" preserveaspectratio=\"none\">\n\t<path class=\"elementor-shape-fill\" d=\"M421.9,6.5c22.6-2.5,51.5,0.4,75.5,5.3c23.6,4.9,70.9,23.5,100.5,35.7c75.8,32.2,133.7,44.5,192.6,49.7\tc23.6,2.1,48.7,3.5,103.4-2.5c54.7-6,106.2-25.6,106.2-25.6V0H0v30.3c0,0,72,32.6,158.4,30.5c39.2-0.7,92.8-6.7,134-22.4\tc21.2-8.1,52.2-18.2,79.7-24.2C399.3,7.9,411.6,7.5,421.9,6.5z\"\/>\n<\/svg>\t\t<\/div>\n\t\t\t\t<div class=\"elementor-element elementor-element-88ccace elementor-widget elementor-widget-spacer\" data-id=\"88ccace\" data-element_type=\"widget\" data-widget_type=\"spacer.default\">\n\t\t\t\t<div class=\"elementor-widget-container\">\n\t\t\t\t\t\t\t<div class=\"elementor-spacer\">\n\t\t\t<div class=\"elementor-spacer-inner\"><\/div>\n\t\t<\/div>\n\t\t\t\t\t\t<\/div>\n\t\t\t\t<\/div>\n\t\t\t\t<div class=\"elementor-element elementor-element-fd10f02 elementor-widget elementor-widget-heading\" data-id=\"fd10f02\" data-element_type=\"widget\" data-widget_type=\"heading.default\">\n\t\t\t\t<div class=\"elementor-widget-container\">\n\t\t\t\t\t<h1 class=\"elementor-heading-title elementor-size-default\">ACERVO JOTTA BARROSO\n<\/h1>\t\t\t\t<\/div>\n\t\t\t\t<\/div>\n\t\t\t\t<div class=\"elementor-element elementor-element-87f33c4 elementor-widget elementor-widget-text-editor\" data-id=\"87f33c4\" data-element_type=\"widget\" data-widget_type=\"text-editor.default\">\n\t\t\t\t<div class=\"elementor-widget-container\">\n\t\t\t\t\t\t\t\t\t<p style=\"font-weight: 400;\">Jos\u00e9 Jota Barroso nasceu \u00a0em \u00a0Visconde do Rio Branco em 06 de abril de 1921. Mais \u00a0conhecido como Jotta Barroso, trabalhou no cinema, r\u00e1dio, teatro e TV. <span style=\"font-style: inherit;\">Foi ator, radialista, locutor, apresentador, autor, cen\u00f3grafo, figurinista e produtor. Atuou em mais de 40 filmes brasileiros. Faleceu em 21 de setembro de 2006, aos 85 anos. Seu acervo est\u00e1 depositado no<strong><span style=\"color: #800000;\"> <a style=\"color: #800000;\" href=\"https:\/\/minasecinema.repesq.ufjf.br\/en\/arquivos-e-bibliotecas-mg\/museu-municipal-de-visconde-do-rio-branco\/\">Museu Municipal de Visconde do Rio Branco.\u00a0<\/a><\/span><\/strong><\/span><\/p><p style=\"font-weight: 400;\"><span style=\"font-style: inherit;\">Em 2024, o projeto Minas \u00e9 Cinema estabeleceu um acordo de coopera\u00e7\u00e3o com a Associa\u00e7\u00e3o dos Amigos do Museu Municipal de Visconde do Rio Branco com objetivo de realizar uma triagem, cataloga\u00e7\u00e3o e digitaliza\u00e7\u00e3o dos documentos e disponibiliza\u00e7\u00e3o aqui em nosso site.<\/span><\/p>\t\t\t\t\t\t\t\t<\/div>\n\t\t\t\t<\/div>\n\t\t\t\t<div class=\"elementor-element elementor-element-34d5641 elementor-widget elementor-widget-spacer\" data-id=\"34d5641\" data-element_type=\"widget\" data-widget_type=\"spacer.default\">\n\t\t\t\t<div class=\"elementor-widget-container\">\n\t\t\t\t\t\t\t<div class=\"elementor-spacer\">\n\t\t\t<div class=\"elementor-spacer-inner\"><\/div>\n\t\t<\/div>\n\t\t\t\t\t\t<\/div>\n\t\t\t\t<\/div>\n\t\t\t\t<div class=\"elementor-element elementor-element-f8ac36a elementor-widget elementor-widget-text-editor\" data-id=\"f8ac36a\" data-element_type=\"widget\" data-widget_type=\"text-editor.default\">\n\t\t\t\t<div class=\"elementor-widget-container\">\n\t\t\t\t\t\t\t\t\t<h4><strong><a href=\"https:\/\/minasecinema.repesq.ufjf.br\/en\/cronologia-jotta-barroso\/\">&#8211; \u00a0Cronologia Jotta Barroso<\/a><\/strong><\/h4>\t\t\t\t\t\t\t\t<\/div>\n\t\t\t\t<\/div>\n\t\t\t\t<div class=\"elementor-element elementor-element-e8905c5 elementor-widget elementor-widget-spacer\" data-id=\"e8905c5\" data-element_type=\"widget\" data-widget_type=\"spacer.default\">\n\t\t\t\t<div class=\"elementor-widget-container\">\n\t\t\t\t\t\t\t<div class=\"elementor-spacer\">\n\t\t\t<div class=\"elementor-spacer-inner\"><\/div>\n\t\t<\/div>\n\t\t\t\t\t\t<\/div>\n\t\t\t\t<\/div>\n\t\t<div class=\"has_eae_slider elementor-element elementor-element-f9af9bb e-con-full e-flex e-con e-child\" data-eae-slider=\"13873\" data-id=\"f9af9bb\" data-element_type=\"container\">\n\t\t<div class=\"has_eae_slider elementor-element elementor-element-86d6ff7 e-con-full e-flex e-con e-child\" data-eae-slider=\"12250\" data-id=\"86d6ff7\" data-element_type=\"container\" data-settings=\"{&quot;background_background&quot;:&quot;classic&quot;}\">\n\t\t\t\t<div class=\"elementor-element elementor-element-49b9d4b elementor-widget elementor-widget-image\" data-id=\"49b9d4b\" data-element_type=\"widget\" data-widget_type=\"image.default\">\n\t\t\t\t<div class=\"elementor-widget-container\">\n\t\t\t\t\t\t\t\t\t\t\t\t\t\t\t\t<a href=\"https:\/\/minasecinema.repesq.ufjf.br\/en\/objetos-pessoais-de-jotta-barroso\/\">\n\t\t\t\t\t\t\t<img decoding=\"async\" src=\"https:\/\/minasecinema.repesq.ufjf.br\/wp-content\/uploads\/elementor\/thumbs\/IMG_0054pq-scaled-qwknrca8dz07khdeca5srpzwm8afe3euk6fnez7quw.jpeg\" title=\"IMG_0054pq\" alt=\"IMG_0054pq\" loading=\"lazy\" \/>\t\t\t\t\t\t\t\t<\/a>\n\t\t\t\t\t\t\t\t\t\t\t\t\t\t\t<\/div>\n\t\t\t\t<\/div>\n\t\t\t\t<div class=\"elementor-element elementor-element-c6d1321 elementor-widget elementor-widget-heading\" data-id=\"c6d1321\" data-element_type=\"widget\" data-widget_type=\"heading.default\">\n\t\t\t\t<div class=\"elementor-widget-container\">\n\t\t\t\t\t<h5 class=\"elementor-heading-title elementor-size-default\"><a href=\"https:\/\/minasecinema.repesq.ufjf.br\/en\/objetos-pessoais-de-jotta-barroso\/\">Objetos do Jotta Barroso<\/a><\/h5>\t\t\t\t<\/div>\n\t\t\t\t<\/div>\n\t\t\t\t<\/div>\n\t\t<div class=\"has_eae_slider elementor-element elementor-element-7672d01 e-con-full e-flex e-con e-child\" data-eae-slider=\"37081\" data-id=\"7672d01\" data-element_type=\"container\" data-settings=\"{&quot;background_background&quot;:&quot;classic&quot;}\">\n\t\t\t\t<div class=\"elementor-element elementor-element-99569e2 elementor-widget elementor-widget-image\" data-id=\"99569e2\" data-element_type=\"widget\" data-widget_type=\"image.default\">\n\t\t\t\t<div class=\"elementor-widget-container\">\n\t\t\t\t\t\t\t\t\t\t\t\t\t\t\t\t<a href=\"https:\/\/minasecinema.repesq.ufjf.br\/en\/objetos-pessoais-de-jotta-barroso\/\">\n\t\t\t\t\t\t\t<img decoding=\"async\" src=\"https:\/\/minasecinema.repesq.ufjf.br\/wp-content\/uploads\/elementor\/thumbs\/olimpiada-scaled-r6mtyzt2n4w1op1p6zo20wsl8lfryx7y1yq3np96m0.jpg\" title=\"olimpiada\" alt=\"olimpiada\" loading=\"lazy\" \/>\t\t\t\t\t\t\t\t<\/a>\n\t\t\t\t\t\t\t\t\t\t\t\t\t\t\t<\/div>\n\t\t\t\t<\/div>\n\t\t\t\t<div class=\"elementor-element elementor-element-1de3b7e elementor-widget elementor-widget-heading\" data-id=\"1de3b7e\" data-element_type=\"widget\" data-widget_type=\"heading.default\">\n\t\t\t\t<div class=\"elementor-widget-container\">\n\t\t\t\t\t<h5 class=\"elementor-heading-title elementor-size-default\"><a href=\"https:\/\/minasecinema.repesq.ufjf.br\/en\/colecao-de-flamulas\/\">Cole\u00e7\u00e3o de fl\u00e2mulas do Jotta Barroso<\/a><\/h5>\t\t\t\t<\/div>\n\t\t\t\t<\/div>\n\t\t\t\t<\/div>\n\t\t<div class=\"has_eae_slider elementor-element elementor-element-bacddc6 e-con-full e-flex e-con e-child\" data-eae-slider=\"55701\" data-id=\"bacddc6\" data-element_type=\"container\" data-settings=\"{&quot;background_background&quot;:&quot;classic&quot;}\">\n\t\t\t\t<div class=\"elementor-element elementor-element-10b1bed elementor-widget elementor-widget-image\" data-id=\"10b1bed\" data-element_type=\"widget\" data-widget_type=\"image.default\">\n\t\t\t\t<div class=\"elementor-widget-container\">\n\t\t\t\t\t\t\t\t\t\t\t\t\t\t\t\t<a href=\"https:\/\/minasecinema.repesq.ufjf.br\/en\/teste-documento-jotta-barroso\/\">\n\t\t\t\t\t\t\t<img decoding=\"async\" src=\"https:\/\/minasecinema.repesq.ufjf.br\/wp-content\/uploads\/elementor\/thumbs\/IMG_0003.pdf-cover-r6z5oxjwjmdiqohmv1v8iohvq2kj6zacwzujphz2pc.jpg\" title=\"IMG_0003.pdf-cover\" alt=\"IMG_0003.pdf-cover\" loading=\"lazy\" \/>\t\t\t\t\t\t\t\t<\/a>\n\t\t\t\t\t\t\t\t\t\t\t\t\t\t\t<\/div>\n\t\t\t\t<\/div>\n\t\t\t\t<div class=\"elementor-element elementor-element-6147b19 elementor-widget elementor-widget-heading\" data-id=\"6147b19\" data-element_type=\"widget\" data-widget_type=\"heading.default\">\n\t\t\t\t<div class=\"elementor-widget-container\">\n\t\t\t\t\t<h5 class=\"elementor-heading-title elementor-size-default\"><a href=\"https:\/\/minasecinema.repesq.ufjf.br\/en\/teste-documento-jotta-barroso\/\">Documentos do Jotta Barroso<\/a><\/h5>\t\t\t\t<\/div>\n\t\t\t\t<\/div>\n\t\t\t\t<\/div>\n\t\t\t\t<\/div>\n\t\t\t\t<div class=\"elementor-element elementor-element-b41d86f elementor-widget elementor-widget-spacer\" data-id=\"b41d86f\" data-element_type=\"widget\" data-widget_type=\"spacer.default\">\n\t\t\t\t<div class=\"elementor-widget-container\">\n\t\t\t\t\t\t\t<div class=\"elementor-spacer\">\n\t\t\t<div class=\"elementor-spacer-inner\"><\/div>\n\t\t<\/div>\n\t\t\t\t\t\t<\/div>\n\t\t\t\t<\/div>\n\t\t\t\t\t<\/div>\n\t\t\t\t<\/div>\n\t\t<div class=\"has_eae_slider elementor-element elementor-element-ecda2d3 e-flex e-con-boxed e-con e-parent\" data-eae-slider=\"36619\" data-id=\"ecda2d3\" data-element_type=\"container\">\n\t\t\t\t\t<div class=\"e-con-inner\">\n\t\t\t\t\t<\/div>\n\t\t\t\t<\/div>\n\t\t\t\t<\/div>","protected":false},"excerpt":{"rendered":"<p>ACERVO JOTTA BARROSO Jos\u00e9 Jota Barroso nasceu \u00a0em \u00a0Visconde do Rio Branco em 06 de abril de 1921. Mais \u00a0conhecido como Jotta Barroso, trabalhou no cinema, r\u00e1dio, teatro e TV. Foi ator, radialista, locutor, apresentador, autor, cen\u00f3grafo, figurinista e produtor. Atuou em mais de 40 filmes brasileiros. Faleceu em 21 de setembro de 2006, aos [&hellip;]<\/p>\n","protected":false},"author":1,"featured_media":0,"parent":0,"menu_order":0,"comment_status":"closed","ping_status":"closed","template":"elementor_header_footer","meta":{"footnotes":""},"tnc_tax_8431":[],"tnc_tax_8399":[],"tnc_tax_8396":[],"tnc_tax_8393":[],"tnc_tax_6759":[],"tnc_tax_6723":[],"tnc_tax_4866":[],"tnc_tax_3507":[],"class_list":["post-2166","page","type-page","status-publish","hentry"],"blocksy_meta":[],"_links":{"self":[{"href":"https:\/\/minasecinema.repesq.ufjf.br\/en\/wp-json\/wp\/v2\/pages\/2166","targetHints":{"allow":["GET"]}}],"collection":[{"href":"https:\/\/minasecinema.repesq.ufjf.br\/en\/wp-json\/wp\/v2\/pages"}],"about":[{"href":"https:\/\/minasecinema.repesq.ufjf.br\/en\/wp-json\/wp\/v2\/types\/page"}],"author":[{"embeddable":true,"href":"https:\/\/minasecinema.repesq.ufjf.br\/en\/wp-json\/wp\/v2\/users\/1"}],"replies":[{"embeddable":true,"href":"https:\/\/minasecinema.repesq.ufjf.br\/en\/wp-json\/wp\/v2\/comments?post=2166"}],"version-history":[{"count":76,"href":"https:\/\/minasecinema.repesq.ufjf.br\/en\/wp-json\/wp\/v2\/pages\/2166\/revisions"}],"predecessor-version":[{"id":68959,"href":"https:\/\/minasecinema.repesq.ufjf.br\/en\/wp-json\/wp\/v2\/pages\/2166\/revisions\/68959"}],"wp:attachment":[{"href":"https:\/\/minasecinema.repesq.ufjf.br\/en\/wp-json\/wp\/v2\/media?parent=2166"}],"wp:term":[{"taxonomy":"tnc_tax_8431","embeddable":true,"href":"https:\/\/minasecinema.repesq.ufjf.br\/en\/wp-json\/wp\/v2\/tnc_tax_8431?post=2166"},{"taxonomy":"tnc_tax_8399","embeddable":true,"href":"https:\/\/minasecinema.repesq.ufjf.br\/en\/wp-json\/wp\/v2\/tnc_tax_8399?post=2166"},{"taxonomy":"tnc_tax_8396","embeddable":true,"href":"https:\/\/minasecinema.repesq.ufjf.br\/en\/wp-json\/wp\/v2\/tnc_tax_8396?post=2166"},{"taxonomy":"tnc_tax_8393","embeddable":true,"href":"https:\/\/minasecinema.repesq.ufjf.br\/en\/wp-json\/wp\/v2\/tnc_tax_8393?post=2166"},{"taxonomy":"tnc_tax_6759","embeddable":true,"href":"https:\/\/minasecinema.repesq.ufjf.br\/en\/wp-json\/wp\/v2\/tnc_tax_6759?post=2166"},{"taxonomy":"tnc_tax_6723","embeddable":true,"href":"https:\/\/minasecinema.repesq.ufjf.br\/en\/wp-json\/wp\/v2\/tnc_tax_6723?post=2166"},{"taxonomy":"tnc_tax_4866","embeddable":true,"href":"https:\/\/minasecinema.repesq.ufjf.br\/en\/wp-json\/wp\/v2\/tnc_tax_4866?post=2166"},{"taxonomy":"tnc_tax_3507","embeddable":true,"href":"https:\/\/minasecinema.repesq.ufjf.br\/en\/wp-json\/wp\/v2\/tnc_tax_3507?post=2166"}],"curies":[{"name":"wp","href":"https:\/\/api.w.org\/{rel}","templated":true}]}}