{"id":261,"date":"2023-11-01T17:08:37","date_gmt":"2023-11-01T17:08:37","guid":{"rendered":"https:\/\/minasecinema.com.br\/novo\/?page_id=261"},"modified":"2025-02-10T22:33:37","modified_gmt":"2025-02-10T22:33:37","slug":"minicurso-de-preservacao-audiovisual","status":"publish","type":"page","link":"https:\/\/minasecinema.repesq.ufjf.br\/en\/eventos\/minicurso-de-preservacao-audiovisual\/","title":{"rendered":"Minicurso de Preserva\u00e7\u00e3o Audiovisual"},"content":{"rendered":"<div data-elementor-type=\"wp-page\" data-elementor-id=\"261\" class=\"elementor elementor-261\">\n\t\t\t\t<div class=\"has_eae_slider elementor-element elementor-element-74bc61e e-flex e-con-boxed e-con e-parent\" data-eae-slider=\"42829\" data-id=\"74bc61e\" data-element_type=\"container\" data-settings=\"{&quot;background_background&quot;:&quot;classic&quot;,&quot;shape_divider_bottom&quot;:&quot;waves&quot;}\">\n\t\t\t\t\t<div class=\"e-con-inner\">\n\t\t\t\t<div class=\"elementor-shape elementor-shape-bottom\" aria-hidden=\"true\" data-negative=\"false\">\n\t\t\t<svg xmlns=\"http:\/\/www.w3.org\/2000\/svg\" viewbox=\"0 0 1000 100\" preserveaspectratio=\"none\">\n\t<path class=\"elementor-shape-fill\" d=\"M421.9,6.5c22.6-2.5,51.5,0.4,75.5,5.3c23.6,4.9,70.9,23.5,100.5,35.7c75.8,32.2,133.7,44.5,192.6,49.7\tc23.6,2.1,48.7,3.5,103.4-2.5c54.7-6,106.2-25.6,106.2-25.6V0H0v30.3c0,0,72,32.6,158.4,30.5c39.2-0.7,92.8-6.7,134-22.4\tc21.2-8.1,52.2-18.2,79.7-24.2C399.3,7.9,411.6,7.5,421.9,6.5z\"\/>\n<\/svg>\t\t<\/div>\n\t\t<div class=\"has_eae_slider elementor-element elementor-element-76b472b e-con-full e-flex e-con e-child\" data-eae-slider=\"69082\" data-id=\"76b472b\" data-element_type=\"container\">\n\t\t\t\t<div class=\"elementor-element elementor-element-e89d30b elementor-widget elementor-widget-spacer\" data-id=\"e89d30b\" data-element_type=\"widget\" data-widget_type=\"spacer.default\">\n\t\t\t\t<div class=\"elementor-widget-container\">\n\t\t\t\t\t\t\t<div class=\"elementor-spacer\">\n\t\t\t<div class=\"elementor-spacer-inner\"><\/div>\n\t\t<\/div>\n\t\t\t\t\t\t<\/div>\n\t\t\t\t<\/div>\n\t\t\t\t<div class=\"elementor-element elementor-element-61599ce elementor-widget elementor-widget-heading\" data-id=\"61599ce\" data-element_type=\"widget\" data-widget_type=\"heading.default\">\n\t\t\t\t<div class=\"elementor-widget-container\">\n\t\t\t\t\t<h2 class=\"elementor-heading-title elementor-size-default\">Minicurso \u201cPreserva\u00e7\u00e3o Audiovisual: hist\u00f3ria, princ\u00edpios e pr\u00e1ticas\"\n ministrado pela pesquisadora Lila Foster.\n<\/h2>\t\t\t\t<\/div>\n\t\t\t\t<\/div>\n\t\t\t\t<div class=\"elementor-element elementor-element-4f8a0c6 elementor-widget elementor-widget-text-editor\" data-id=\"4f8a0c6\" data-element_type=\"widget\" data-widget_type=\"text-editor.default\">\n\t\t\t\t<div class=\"elementor-widget-container\">\n\t\t\t\t\t\t\t\t\t<p>O mini curso foi uma parceria entre o Centro Integrado de Preserva\u00e7\u00e3o Audiovisual (CIPAv) e o Projeto Minas \u00e9 Cinema com o Festival Primeiro Plano. O Mini curso contou ainda com o apoio da Pr\u00f3-reitoria de Cultura, o Programa de P\u00f3s-gradua\u00e7\u00e3o em Artes, Cultura e Linguagens e do Museu de Arte Murilo Mendes.<\/p>\t\t\t\t\t\t\t\t<\/div>\n\t\t\t\t<\/div>\n\t\t\t\t<div class=\"elementor-element elementor-element-56c0a06 elementor-widget elementor-widget-spacer\" data-id=\"56c0a06\" data-element_type=\"widget\" data-widget_type=\"spacer.default\">\n\t\t\t\t<div class=\"elementor-widget-container\">\n\t\t\t\t\t\t\t<div class=\"elementor-spacer\">\n\t\t\t<div class=\"elementor-spacer-inner\"><\/div>\n\t\t<\/div>\n\t\t\t\t\t\t<\/div>\n\t\t\t\t<\/div>\n\t\t\t\t<\/div>\n\t\t\t\t\t<\/div>\n\t\t\t\t<\/div>\n\t\t<div class=\"has_eae_slider elementor-element elementor-element-50fe7e1 e-flex e-con-boxed e-con e-parent\" data-eae-slider=\"4280\" data-id=\"50fe7e1\" data-element_type=\"container\" data-settings=\"{&quot;background_background&quot;:&quot;classic&quot;,&quot;shape_divider_bottom&quot;:&quot;waves&quot;,&quot;shape_divider_bottom_negative&quot;:&quot;yes&quot;}\">\n\t\t\t\t\t<div class=\"e-con-inner\">\n\t\t\t\t<div class=\"elementor-shape elementor-shape-bottom\" aria-hidden=\"true\" data-negative=\"true\">\n\t\t\t<svg xmlns=\"http:\/\/www.w3.org\/2000\/svg\" viewbox=\"0 0 1000 100\" preserveaspectratio=\"none\">\n\t<path class=\"elementor-shape-fill\" d=\"M790.5,93.1c-59.3-5.3-116.8-18-192.6-50c-29.6-12.7-76.9-31-100.5-35.9c-23.6-4.9-52.6-7.8-75.5-5.3\tc-10.2,1.1-22.6,1.4-50.1,7.4c-27.2,6.3-58.2,16.6-79.4,24.7c-41.3,15.9-94.9,21.9-134,22.6C72,58.2,0,25.8,0,25.8V100h1000V65.3\tc0,0-51.5,19.4-106.2,25.7C839.5,97,814.1,95.2,790.5,93.1z\"\/>\n<\/svg>\t\t<\/div>\n\t\t<div class=\"has_eae_slider elementor-element elementor-element-89c838e e-con-full e-flex e-con e-child\" data-eae-slider=\"51314\" data-id=\"89c838e\" data-element_type=\"container\">\n\t\t\t\t<div class=\"elementor-element elementor-element-96619cb elementor-widget elementor-widget-spacer\" data-id=\"96619cb\" data-element_type=\"widget\" data-widget_type=\"spacer.default\">\n\t\t\t\t<div class=\"elementor-widget-container\">\n\t\t\t\t\t\t\t<div class=\"elementor-spacer\">\n\t\t\t<div class=\"elementor-spacer-inner\"><\/div>\n\t\t<\/div>\n\t\t\t\t\t\t<\/div>\n\t\t\t\t<\/div>\n\t\t\t\t<div class=\"elementor-element elementor-element-1a01a5c elementor-widget elementor-widget-text-editor\" data-id=\"1a01a5c\" data-element_type=\"widget\" data-widget_type=\"text-editor.default\">\n\t\t\t\t<div class=\"elementor-widget-container\">\n\t\t\t\t\t\t\t\t\t<p><i>Registro Fotogr\u00e1fico do Minicurso<\/i><\/p>\t\t\t\t\t\t\t\t<\/div>\n\t\t\t\t<\/div>\n\t\t\t\t<div class=\"elementor-element elementor-element-6cee70a gallery-spacing-custom elementor-widget elementor-widget-image-gallery\" data-id=\"6cee70a\" data-element_type=\"widget\" data-widget_type=\"image-gallery.default\">\n\t\t\t\t<div class=\"elementor-widget-container\">\n\t\t\t\t\t\t\t<div class=\"elementor-image-gallery\">\n\t\t\t<div id='gallery-1' class='gallery galleryid-261 gallery-columns-2 gallery-size-full'><figure class='gallery-item'>\n\t\t\t<div class='gallery-icon landscape'>\n\t\t\t\t<a data-elementor-open-lightbox=\"yes\" data-elementor-lightbox-slideshow=\"6cee70a\" data-elementor-lightbox-title=\"WhatsApp Image 2024-11-14 at 19.41.35\" data-e-action-hash=\"#elementor-action%3Aaction%3Dlightbox%26settings%3DeyJpZCI6MjQwMSwidXJsIjoiaHR0cHM6XC9cL21pbmFzZWNpbmVtYS5yZXBlc3EudWZqZi5iclwvd3AtY29udGVudFwvdXBsb2Fkc1wvMjAyNFwvMTFcL1doYXRzQXBwLUltYWdlLTIwMjQtMTEtMTQtYXQtMTkuNDEuMzUuanBlZyIsInNsaWRlc2hvdyI6IjZjZWU3MGEifQ%3D%3D\" href='https:\/\/minasecinema.repesq.ufjf.br\/wp-content\/uploads\/2024\/11\/WhatsApp-Image-2024-11-14-at-19.41.35.jpeg'><img fetchpriority=\"high\" decoding=\"async\" width=\"1024\" height=\"768\" src=\"https:\/\/minasecinema.repesq.ufjf.br\/wp-content\/uploads\/2024\/11\/WhatsApp-Image-2024-11-14-at-19.41.35.jpeg\" class=\"attachment-full size-full\" alt=\"\" srcset=\"https:\/\/minasecinema.repesq.ufjf.br\/wp-content\/uploads\/2024\/11\/WhatsApp-Image-2024-11-14-at-19.41.35.jpeg 1024w, https:\/\/minasecinema.repesq.ufjf.br\/wp-content\/uploads\/2024\/11\/WhatsApp-Image-2024-11-14-at-19.41.35-300x225.jpeg 300w, https:\/\/minasecinema.repesq.ufjf.br\/wp-content\/uploads\/2024\/11\/WhatsApp-Image-2024-11-14-at-19.41.35-768x576.jpeg 768w, https:\/\/minasecinema.repesq.ufjf.br\/wp-content\/uploads\/2024\/11\/WhatsApp-Image-2024-11-14-at-19.41.35-16x12.jpeg 16w, https:\/\/minasecinema.repesq.ufjf.br\/wp-content\/uploads\/2024\/11\/WhatsApp-Image-2024-11-14-at-19.41.35-205x154.jpeg 205w, https:\/\/minasecinema.repesq.ufjf.br\/wp-content\/uploads\/2024\/11\/WhatsApp-Image-2024-11-14-at-19.41.35-480x360.jpeg 480w\" sizes=\"(max-width: 1024px) 100vw, 1024px\" \/><\/a>\n\t\t\t<\/div><\/figure><figure class='gallery-item'>\n\t\t\t<div class='gallery-icon landscape'>\n\t\t\t\t<a data-elementor-open-lightbox=\"yes\" data-elementor-lightbox-slideshow=\"6cee70a\" data-elementor-lightbox-title=\"WhatsApp Image 2024-11-14 at 19.41.26\" data-e-action-hash=\"#elementor-action%3Aaction%3Dlightbox%26settings%3DeyJpZCI6MjQwMiwidXJsIjoiaHR0cHM6XC9cL21pbmFzZWNpbmVtYS5yZXBlc3EudWZqZi5iclwvd3AtY29udGVudFwvdXBsb2Fkc1wvMjAyNFwvMTFcL1doYXRzQXBwLUltYWdlLTIwMjQtMTEtMTQtYXQtMTkuNDEuMjYuanBlZyIsInNsaWRlc2hvdyI6IjZjZWU3MGEifQ%3D%3D\" href='https:\/\/minasecinema.repesq.ufjf.br\/wp-content\/uploads\/2024\/11\/WhatsApp-Image-2024-11-14-at-19.41.26.jpeg'><img decoding=\"async\" width=\"1024\" height=\"768\" src=\"https:\/\/minasecinema.repesq.ufjf.br\/wp-content\/uploads\/2024\/11\/WhatsApp-Image-2024-11-14-at-19.41.26.jpeg\" class=\"attachment-full size-full\" alt=\"\" srcset=\"https:\/\/minasecinema.repesq.ufjf.br\/wp-content\/uploads\/2024\/11\/WhatsApp-Image-2024-11-14-at-19.41.26.jpeg 1024w, https:\/\/minasecinema.repesq.ufjf.br\/wp-content\/uploads\/2024\/11\/WhatsApp-Image-2024-11-14-at-19.41.26-300x225.jpeg 300w, https:\/\/minasecinema.repesq.ufjf.br\/wp-content\/uploads\/2024\/11\/WhatsApp-Image-2024-11-14-at-19.41.26-768x576.jpeg 768w, https:\/\/minasecinema.repesq.ufjf.br\/wp-content\/uploads\/2024\/11\/WhatsApp-Image-2024-11-14-at-19.41.26-16x12.jpeg 16w, https:\/\/minasecinema.repesq.ufjf.br\/wp-content\/uploads\/2024\/11\/WhatsApp-Image-2024-11-14-at-19.41.26-205x154.jpeg 205w, https:\/\/minasecinema.repesq.ufjf.br\/wp-content\/uploads\/2024\/11\/WhatsApp-Image-2024-11-14-at-19.41.26-480x360.jpeg 480w\" sizes=\"(max-width: 1024px) 100vw, 1024px\" \/><\/a>\n\t\t\t<\/div><\/figure><figure class='gallery-item'>\n\t\t\t<div class='gallery-icon landscape'>\n\t\t\t\t<a data-elementor-open-lightbox=\"yes\" data-elementor-lightbox-slideshow=\"6cee70a\" data-elementor-lightbox-title=\"WhatsApp Image 2024-11-14 at 19.41.47\" data-e-action-hash=\"#elementor-action%3Aaction%3Dlightbox%26settings%3DeyJpZCI6MjQwNCwidXJsIjoiaHR0cHM6XC9cL21pbmFzZWNpbmVtYS5yZXBlc3EudWZqZi5iclwvd3AtY29udGVudFwvdXBsb2Fkc1wvMjAyNFwvMTFcL1doYXRzQXBwLUltYWdlLTIwMjQtMTEtMTQtYXQtMTkuNDEuNDcuanBlZyIsInNsaWRlc2hvdyI6IjZjZWU3MGEifQ%3D%3D\" href='https:\/\/minasecinema.repesq.ufjf.br\/wp-content\/uploads\/2024\/11\/WhatsApp-Image-2024-11-14-at-19.41.47.jpeg'><img decoding=\"async\" width=\"1024\" height=\"768\" src=\"https:\/\/minasecinema.repesq.ufjf.br\/wp-content\/uploads\/2024\/11\/WhatsApp-Image-2024-11-14-at-19.41.47.jpeg\" class=\"attachment-full size-full\" alt=\"\" srcset=\"https:\/\/minasecinema.repesq.ufjf.br\/wp-content\/uploads\/2024\/11\/WhatsApp-Image-2024-11-14-at-19.41.47.jpeg 1024w, https:\/\/minasecinema.repesq.ufjf.br\/wp-content\/uploads\/2024\/11\/WhatsApp-Image-2024-11-14-at-19.41.47-300x225.jpeg 300w, https:\/\/minasecinema.repesq.ufjf.br\/wp-content\/uploads\/2024\/11\/WhatsApp-Image-2024-11-14-at-19.41.47-768x576.jpeg 768w, https:\/\/minasecinema.repesq.ufjf.br\/wp-content\/uploads\/2024\/11\/WhatsApp-Image-2024-11-14-at-19.41.47-16x12.jpeg 16w, https:\/\/minasecinema.repesq.ufjf.br\/wp-content\/uploads\/2024\/11\/WhatsApp-Image-2024-11-14-at-19.41.47-205x154.jpeg 205w, https:\/\/minasecinema.repesq.ufjf.br\/wp-content\/uploads\/2024\/11\/WhatsApp-Image-2024-11-14-at-19.41.47-480x360.jpeg 480w\" sizes=\"(max-width: 1024px) 100vw, 1024px\" \/><\/a>\n\t\t\t<\/div><\/figure><figure class='gallery-item'>\n\t\t\t<div class='gallery-icon landscape'>\n\t\t\t\t<a data-elementor-open-lightbox=\"yes\" data-elementor-lightbox-slideshow=\"6cee70a\" data-elementor-lightbox-title=\"WhatsApp Image 2024-11-14 at 19.39.55\" data-e-action-hash=\"#elementor-action%3Aaction%3Dlightbox%26settings%3DeyJpZCI6MjQwNSwidXJsIjoiaHR0cHM6XC9cL21pbmFzZWNpbmVtYS5yZXBlc3EudWZqZi5iclwvd3AtY29udGVudFwvdXBsb2Fkc1wvMjAyNFwvMTFcL1doYXRzQXBwLUltYWdlLTIwMjQtMTEtMTQtYXQtMTkuMzkuNTUuanBlZyIsInNsaWRlc2hvdyI6IjZjZWU3MGEifQ%3D%3D\" href='https:\/\/minasecinema.repesq.ufjf.br\/wp-content\/uploads\/2024\/11\/WhatsApp-Image-2024-11-14-at-19.39.55.jpeg'><img loading=\"lazy\" decoding=\"async\" width=\"1024\" height=\"768\" src=\"https:\/\/minasecinema.repesq.ufjf.br\/wp-content\/uploads\/2024\/11\/WhatsApp-Image-2024-11-14-at-19.39.55.jpeg\" class=\"attachment-full size-full\" alt=\"\" srcset=\"https:\/\/minasecinema.repesq.ufjf.br\/wp-content\/uploads\/2024\/11\/WhatsApp-Image-2024-11-14-at-19.39.55.jpeg 1024w, https:\/\/minasecinema.repesq.ufjf.br\/wp-content\/uploads\/2024\/11\/WhatsApp-Image-2024-11-14-at-19.39.55-300x225.jpeg 300w, https:\/\/minasecinema.repesq.ufjf.br\/wp-content\/uploads\/2024\/11\/WhatsApp-Image-2024-11-14-at-19.39.55-768x576.jpeg 768w, https:\/\/minasecinema.repesq.ufjf.br\/wp-content\/uploads\/2024\/11\/WhatsApp-Image-2024-11-14-at-19.39.55-16x12.jpeg 16w, https:\/\/minasecinema.repesq.ufjf.br\/wp-content\/uploads\/2024\/11\/WhatsApp-Image-2024-11-14-at-19.39.55-205x154.jpeg 205w, https:\/\/minasecinema.repesq.ufjf.br\/wp-content\/uploads\/2024\/11\/WhatsApp-Image-2024-11-14-at-19.39.55-480x360.jpeg 480w\" sizes=\"(max-width: 1024px) 100vw, 1024px\" \/><\/a>\n\t\t\t<\/div><\/figure>\n\t\t<\/div>\n\t\t<\/div>\n\t\t\t\t\t\t<\/div>\n\t\t\t\t<\/div>\n\t\t\t\t<div class=\"elementor-element elementor-element-e192833 elementor-widget elementor-widget-spacer\" data-id=\"e192833\" data-element_type=\"widget\" data-widget_type=\"spacer.default\">\n\t\t\t\t<div class=\"elementor-widget-container\">\n\t\t\t\t\t\t\t<div class=\"elementor-spacer\">\n\t\t\t<div class=\"elementor-spacer-inner\"><\/div>\n\t\t<\/div>\n\t\t\t\t\t\t<\/div>\n\t\t\t\t<\/div>\n\t\t\t\t<\/div>\n\t\t\t\t\t<\/div>\n\t\t\t\t<\/div>\n\t\t<div class=\"has_eae_slider elementor-element elementor-element-048df0f e-flex e-con-boxed e-con e-parent\" data-eae-slider=\"72140\" data-id=\"048df0f\" data-element_type=\"container\" data-settings=\"{&quot;background_background&quot;:&quot;classic&quot;,&quot;shape_divider_bottom&quot;:&quot;waves&quot;,&quot;shape_divider_bottom_negative&quot;:&quot;yes&quot;}\">\n\t\t\t\t\t<div class=\"e-con-inner\">\n\t\t\t\t<div class=\"elementor-shape elementor-shape-bottom\" aria-hidden=\"true\" data-negative=\"true\">\n\t\t\t<svg xmlns=\"http:\/\/www.w3.org\/2000\/svg\" viewbox=\"0 0 1000 100\" preserveaspectratio=\"none\">\n\t<path class=\"elementor-shape-fill\" d=\"M790.5,93.1c-59.3-5.3-116.8-18-192.6-50c-29.6-12.7-76.9-31-100.5-35.9c-23.6-4.9-52.6-7.8-75.5-5.3\tc-10.2,1.1-22.6,1.4-50.1,7.4c-27.2,6.3-58.2,16.6-79.4,24.7c-41.3,15.9-94.9,21.9-134,22.6C72,58.2,0,25.8,0,25.8V100h1000V65.3\tc0,0-51.5,19.4-106.2,25.7C839.5,97,814.1,95.2,790.5,93.1z\"\/>\n<\/svg>\t\t<\/div>\n\t\t\t\t<div class=\"elementor-element elementor-element-578e3ba elementor-widget elementor-widget-text-editor\" data-id=\"578e3ba\" data-element_type=\"widget\" data-widget_type=\"text-editor.default\">\n\t\t\t\t<div class=\"elementor-widget-container\">\n\t\t\t\t\t\t\t\t\t<p style=\"font-weight: 400;\"><strong>Preserva\u00e7\u00e3o audiovisual: hist\u00f3ria, princ\u00edpios e pr\u00e1ticas <\/strong><\/p><p style=\"font-weight: 400;\"><strong>Profa. Lila Foster<\/strong><\/p><p style=\"font-weight: 400;\">\u00a0<\/p><p style=\"font-weight: 400;\">O presente mini-curso tem por objetivo introduzir os participantes ao universo da preserva\u00e7\u00e3o audiovisual partindo da hist\u00f3ria dos arquivos f\u00edlmicos e dos princ\u00edpios b\u00e1sicos que guiam as pr\u00e1ticas de salvaguarda de materiais f\u00edlmicos e correlatos: conserva\u00e7\u00e3o, cataloga\u00e7\u00e3o, documenta\u00e7\u00e3o, pesquisa e difus\u00e3o. Com especial aten\u00e7\u00e3o \u00e0s particularidades do caso brasileiro, pretendemos discutir a hist\u00f3ria e os dilemas da preserva\u00e7\u00e3o audiovisual no Brasil tendo como recorte espec\u00edfico a preserva\u00e7\u00e3o da produ\u00e7\u00e3o amadora brasileira e filmes de pequenos formatos.<\/p><p style=\"font-weight: 400;\">\u00a0<\/p><p style=\"font-weight: 400;\"><u>AULA 1 &#8211; Hist\u00f3ria e princ\u00edpios da preserva\u00e7\u00e3o audiovisual <\/u><\/p><p style=\"font-weight: 400;\">&#8211; Preservar para que? : as rela\u00e7\u00f5es entre preserva\u00e7\u00e3o, hist\u00f3ria e mem\u00f3ria<\/p><p style=\"font-weight: 400;\">&#8211; Preservar onde? : uma breve hist\u00f3ria das institui\u00e7\u00f5es de preserva\u00e7\u00e3o audiovisual e da rela\u00e7\u00e3o entre cineclubes e cinematecas<\/p><p style=\"font-weight: 400;\">&#8211;\u00a0 Os elos da preserva\u00e7\u00e3o audiovisual: conserva\u00e7\u00e3o, cataloga\u00e7\u00e3o, pesquisa e difus\u00e3o<\/p><p style=\"font-weight: 400;\">\u00a0<\/p><p style=\"font-weight: 400;\"><u>AULA 2 &#8211; A mat\u00e9ria da preserva\u00e7\u00e3o audiovisual <\/u><\/p><p style=\"font-weight: 400;\">&#8211;\u00a0 Princ\u00edpios b\u00e1sicos da preserva\u00e7\u00e3o audiovisual: suporte, conte\u00fado e contexto<\/p><p style=\"font-weight: 400;\">&#8211; Os objetos da preserva\u00e7\u00e3o audiovisual: filmes, v\u00eddeo anal\u00f3gico, materiais digitais e documenta\u00e7\u00e3o correlata<\/p><p style=\"font-weight: 400;\">&#8211; Estudo de caso: o cinema amador brasileiro<\/p><p style=\"font-weight: 400;\">\u00a0<\/p><p style=\"font-weight: 400;\"><u>Mini bio<\/u><\/p><p style=\"font-weight: 400;\">\u00a0<\/p><p style=\"font-weight: 400;\">Lila Foster \u00e9 pesquisadora, preservadora audiovisual e curadora. Entre 2018 e 2023 realizou pesquisa de p\u00f3s-doutorado no Programa de P\u00f3s-Gradua\u00e7\u00e3o em Comunica\u00e7\u00e3o da Universidade de Bras\u00edlia com pesquisa dedicada ao Festival de Cinema Amador JB\/Mesbla. Trabalhou em diversos setores da Cinemateca Brasileira e participou do programa de est\u00e1gios em preserva\u00e7\u00e3o e curadoria audiovisual da Haghefilm Foundation (Amsterdam). Ministra cursos e semin\u00e1rios sobre preserva\u00e7\u00e3o audiovisual em diversos festivais e institui\u00e7\u00f5es como Instituto Moreira Salles (S\u00e3o Paulo) e Escola P\u00fablica de Audiovisual Vila das Artes (Fortaleza). Possui uma larga trajet\u00f3ria como curadora e programadora de diversos festivais nacionais e internacionais incluindo a Mostra de Cinema de Tiradentes, (S8) Mostra de Cinema Perif\u00e9rico (Espanha), Curta 8 &#8211; Festival Internacional de Cinema Super 8 de Curitiba, FIDBA \u2013 Festival Internacional de Document\u00e1rio de Buenos Aires (Argentina), dentre outros.\u00a0 Integra a diretoria da ABPA desde 2018 e \u00e9 a sua atual presidenta.<\/p><p style=\"font-weight: 400;\">\u00a0<\/p>\t\t\t\t\t\t\t\t<\/div>\n\t\t\t\t<\/div>\n\t\t\t\t<div class=\"elementor-element elementor-element-c7cf918 elementor-widget elementor-widget-spacer\" data-id=\"c7cf918\" data-element_type=\"widget\" data-widget_type=\"spacer.default\">\n\t\t\t\t<div class=\"elementor-widget-container\">\n\t\t\t\t\t\t\t<div class=\"elementor-spacer\">\n\t\t\t<div class=\"elementor-spacer-inner\"><\/div>\n\t\t<\/div>\n\t\t\t\t\t\t<\/div>\n\t\t\t\t<\/div>\n\t\t\t\t\t<\/div>\n\t\t\t\t<\/div>\n\t\t\t\t<\/div>","protected":false},"excerpt":{"rendered":"<p>Minicurso \u201cPreserva\u00e7\u00e3o Audiovisual: hist\u00f3ria, princ\u00edpios e pr\u00e1ticas&#8221; ministrado pela pesquisadora Lila Foster. O mini curso foi uma parceria entre o Centro Integrado de Preserva\u00e7\u00e3o Audiovisual (CIPAv) e o Projeto Minas \u00e9 Cinema com o Festival Primeiro Plano. O Mini curso contou ainda com o apoio da Pr\u00f3-reitoria de Cultura, o Programa de P\u00f3s-gradua\u00e7\u00e3o em Artes, [&hellip;]<\/p>\n","protected":false},"author":1,"featured_media":0,"parent":248,"menu_order":0,"comment_status":"closed","ping_status":"closed","template":"elementor_header_footer","meta":{"footnotes":""},"tnc_tax_8431":[],"tnc_tax_8399":[],"tnc_tax_8396":[],"tnc_tax_8393":[],"tnc_tax_6759":[],"tnc_tax_6723":[],"tnc_tax_4866":[],"tnc_tax_3507":[],"class_list":["post-261","page","type-page","status-publish","hentry"],"blocksy_meta":[],"_links":{"self":[{"href":"https:\/\/minasecinema.repesq.ufjf.br\/en\/wp-json\/wp\/v2\/pages\/261","targetHints":{"allow":["GET"]}}],"collection":[{"href":"https:\/\/minasecinema.repesq.ufjf.br\/en\/wp-json\/wp\/v2\/pages"}],"about":[{"href":"https:\/\/minasecinema.repesq.ufjf.br\/en\/wp-json\/wp\/v2\/types\/page"}],"author":[{"embeddable":true,"href":"https:\/\/minasecinema.repesq.ufjf.br\/en\/wp-json\/wp\/v2\/users\/1"}],"replies":[{"embeddable":true,"href":"https:\/\/minasecinema.repesq.ufjf.br\/en\/wp-json\/wp\/v2\/comments?post=261"}],"version-history":[{"count":23,"href":"https:\/\/minasecinema.repesq.ufjf.br\/en\/wp-json\/wp\/v2\/pages\/261\/revisions"}],"predecessor-version":[{"id":2408,"href":"https:\/\/minasecinema.repesq.ufjf.br\/en\/wp-json\/wp\/v2\/pages\/261\/revisions\/2408"}],"up":[{"embeddable":true,"href":"https:\/\/minasecinema.repesq.ufjf.br\/en\/wp-json\/wp\/v2\/pages\/248"}],"wp:attachment":[{"href":"https:\/\/minasecinema.repesq.ufjf.br\/en\/wp-json\/wp\/v2\/media?parent=261"}],"wp:term":[{"taxonomy":"tnc_tax_8431","embeddable":true,"href":"https:\/\/minasecinema.repesq.ufjf.br\/en\/wp-json\/wp\/v2\/tnc_tax_8431?post=261"},{"taxonomy":"tnc_tax_8399","embeddable":true,"href":"https:\/\/minasecinema.repesq.ufjf.br\/en\/wp-json\/wp\/v2\/tnc_tax_8399?post=261"},{"taxonomy":"tnc_tax_8396","embeddable":true,"href":"https:\/\/minasecinema.repesq.ufjf.br\/en\/wp-json\/wp\/v2\/tnc_tax_8396?post=261"},{"taxonomy":"tnc_tax_8393","embeddable":true,"href":"https:\/\/minasecinema.repesq.ufjf.br\/en\/wp-json\/wp\/v2\/tnc_tax_8393?post=261"},{"taxonomy":"tnc_tax_6759","embeddable":true,"href":"https:\/\/minasecinema.repesq.ufjf.br\/en\/wp-json\/wp\/v2\/tnc_tax_6759?post=261"},{"taxonomy":"tnc_tax_6723","embeddable":true,"href":"https:\/\/minasecinema.repesq.ufjf.br\/en\/wp-json\/wp\/v2\/tnc_tax_6723?post=261"},{"taxonomy":"tnc_tax_4866","embeddable":true,"href":"https:\/\/minasecinema.repesq.ufjf.br\/en\/wp-json\/wp\/v2\/tnc_tax_4866?post=261"},{"taxonomy":"tnc_tax_3507","embeddable":true,"href":"https:\/\/minasecinema.repesq.ufjf.br\/en\/wp-json\/wp\/v2\/tnc_tax_3507?post=261"}],"curies":[{"name":"wp","href":"https:\/\/api.w.org\/{rel}","templated":true}]}}