{"id":357,"date":"2023-11-28T23:14:14","date_gmt":"2023-11-28T23:14:14","guid":{"rendered":"https:\/\/minasecinema.com.br\/novo\/?page_id=357"},"modified":"2025-02-10T22:33:37","modified_gmt":"2025-02-10T22:33:37","slug":"livro-cinema-em-juiz-de-fora","status":"publish","type":"page","link":"https:\/\/minasecinema.repesq.ufjf.br\/en\/publicacoes-do-projeto\/livro-cinema-em-juiz-de-fora\/","title":{"rendered":"Book: Cinema in Juiz de Fora"},"content":{"rendered":"<div data-elementor-type=\"wp-page\" data-elementor-id=\"357\" class=\"elementor elementor-357\">\n\t\t\t\t<div class=\"has_eae_slider elementor-element elementor-element-d51ceda e-flex e-con-boxed e-con e-parent\" data-eae-slider=\"36332\" data-id=\"d51ceda\" data-element_type=\"container\" data-settings=\"{&quot;background_background&quot;:&quot;classic&quot;,&quot;shape_divider_bottom&quot;:&quot;waves&quot;}\">\n\t\t\t\t\t<div class=\"e-con-inner\">\n\t\t\t\t<div class=\"elementor-shape elementor-shape-bottom\" aria-hidden=\"true\" data-negative=\"false\">\n\t\t\t<svg xmlns=\"http:\/\/www.w3.org\/2000\/svg\" viewbox=\"0 0 1000 100\" preserveaspectratio=\"none\">\n\t<path class=\"elementor-shape-fill\" d=\"M421.9,6.5c22.6-2.5,51.5,0.4,75.5,5.3c23.6,4.9,70.9,23.5,100.5,35.7c75.8,32.2,133.7,44.5,192.6,49.7\tc23.6,2.1,48.7,3.5,103.4-2.5c54.7-6,106.2-25.6,106.2-25.6V0H0v30.3c0,0,72,32.6,158.4,30.5c39.2-0.7,92.8-6.7,134-22.4\tc21.2-8.1,52.2-18.2,79.7-24.2C399.3,7.9,411.6,7.5,421.9,6.5z\"\/>\n<\/svg>\t\t<\/div>\n\t\t\t\t<div class=\"elementor-element elementor-element-88ccace elementor-widget elementor-widget-spacer\" data-id=\"88ccace\" data-element_type=\"widget\" data-widget_type=\"spacer.default\">\n\t\t\t\t<div class=\"elementor-widget-container\">\n\t\t\t\t\t\t\t<div class=\"elementor-spacer\">\n\t\t\t<div class=\"elementor-spacer-inner\"><\/div>\n\t\t<\/div>\n\t\t\t\t\t\t<\/div>\n\t\t\t\t<\/div>\n\t\t\t\t<div class=\"elementor-element elementor-element-fd10f02 elementor-widget elementor-widget-heading\" data-id=\"fd10f02\" data-element_type=\"widget\" data-widget_type=\"heading.default\">\n\t\t\t\t<div class=\"elementor-widget-container\">\n\t\t\t\t\t<h1 class=\"elementor-heading-title elementor-size-default\">Book: Cinema in Juiz de Fora<\/h1>\t\t\t\t<\/div>\n\t\t\t\t<\/div>\n\t\t\t\t<div class=\"elementor-element elementor-element-87f33c4 elementor-widget elementor-widget-text-editor\" data-id=\"87f33c4\" data-element_type=\"widget\" data-widget_type=\"text-editor.default\">\n\t\t\t\t<div class=\"elementor-widget-container\">\n\t\t\t\t\t\t\t\t\t<p>Cinema em Juiz de Fora foi lan\u00e7ado na II Jornada de Estudos em Hist\u00f3ria do Cinema Brasileiro, que ocorreu no dia 16 de agosto, no Instituto de Artes e Design. O livro foi organizado por Alessandra Brum, Lu\u00eds Alberto Rocha Melo e S\u00e9rgio Puccini, todos professores do Bacharelado em Cinema e Audiovisual e do Programa de P\u00f3s-Gradua\u00e7\u00e3o em Artes, Cultura e Linguagens (IAD-UFJF). Editado pela Editora da UFJF, Cinema em Juiz de Fora \u00e9 resultado de projeto Minas \u00e9 Cinema, vinculado ao grupo de pesquisa CPCINE: Hist\u00f3ria, est\u00e9tica e narrativas em cinema e audiovisual, que possui financiamento das ag\u00eancias CNPq, FAPEMIG, al\u00e9m da Pr\u00f3-reitora de Pesquisa da UFJF, atrav\u00e9s de edital de apoio a Grupo de Pesquisas.<\/p>\t\t\t\t\t\t\t\t<\/div>\n\t\t\t\t<\/div>\n\t\t\t\t<div class=\"elementor-element elementor-element-971dbd1 elementor-widget elementor-widget-spacer\" data-id=\"971dbd1\" data-element_type=\"widget\" data-widget_type=\"spacer.default\">\n\t\t\t\t<div class=\"elementor-widget-container\">\n\t\t\t\t\t\t\t<div class=\"elementor-spacer\">\n\t\t\t<div class=\"elementor-spacer-inner\"><\/div>\n\t\t<\/div>\n\t\t\t\t\t\t<\/div>\n\t\t\t\t<\/div>\n\t\t\t\t\t<\/div>\n\t\t\t\t<\/div>\n\t\t<div class=\"has_eae_slider elementor-element elementor-element-4c4c4eb e-flex e-con-boxed e-con e-parent\" data-eae-slider=\"84172\" data-id=\"4c4c4eb\" data-element_type=\"container\" data-settings=\"{&quot;background_background&quot;:&quot;classic&quot;}\">\n\t\t\t\t\t<div class=\"e-con-inner\">\n\t\t<div class=\"has_eae_slider elementor-element elementor-element-30d2f49 e-con-full e-flex e-con e-child\" data-eae-slider=\"2544\" data-id=\"30d2f49\" data-element_type=\"container\">\n\t\t\t\t<div class=\"elementor-element elementor-element-76f04a9 elementor-widget elementor-widget-image\" data-id=\"76f04a9\" data-element_type=\"widget\" data-widget_type=\"image.default\">\n\t\t\t\t<div class=\"elementor-widget-container\">\n\t\t\t\t\t\t\t\t\t\t\t\t\t\t\t<img fetchpriority=\"high\" decoding=\"async\" width=\"717\" height=\"1024\" src=\"https:\/\/minasecinema.repesq.ufjf.br\/wp-content\/uploads\/2023\/11\/m-717x1024.png\" class=\"attachment-large size-large wp-image-362\" alt=\"\" srcset=\"https:\/\/minasecinema.repesq.ufjf.br\/wp-content\/uploads\/2023\/11\/m-717x1024.png 717w, https:\/\/minasecinema.repesq.ufjf.br\/wp-content\/uploads\/2023\/11\/m-210x300.png 210w, https:\/\/minasecinema.repesq.ufjf.br\/wp-content\/uploads\/2023\/11\/m-768x1097.png 768w, https:\/\/minasecinema.repesq.ufjf.br\/wp-content\/uploads\/2023\/11\/m.png 1000w\" sizes=\"(max-width: 717px) 100vw, 717px\" \/>\t\t\t\t\t\t\t\t\t\t\t\t\t\t\t<\/div>\n\t\t\t\t<\/div>\n\t\t\t\t<\/div>\n\t\t<div class=\"has_eae_slider elementor-element elementor-element-8aa199e e-con-full e-flex e-con e-child\" data-eae-slider=\"44013\" data-id=\"8aa199e\" data-element_type=\"container\">\n\t\t\t\t<div class=\"elementor-element elementor-element-30c7267 elementor-widget elementor-widget-text-editor\" data-id=\"30c7267\" data-element_type=\"widget\" data-widget_type=\"text-editor.default\">\n\t\t\t\t<div class=\"elementor-widget-container\">\n\t\t\t\t\t\t\t\t\t<p tabindex=\"0\" data-type=\"text\">Cinema em Juiz de Fora re\u00fane artigos de pesquisadores como Carlos Roberto de Souza, Christina Ferraz Musse, Rosane Carmanini Ferraz, Adriano Medeiros da Rocha e Hayd\u00eae Sant\u2019Ana Arantes. Os artigos retratam aspectos da produ\u00e7\u00e3o e reflex\u00e3o sobre cinema na cidade dentro de um amplo recorte temporal, que vai de 1896 at\u00e9 o in\u00edcio dos anos 2000. S\u00e3o contemplados nomes como os do cineasta Jos\u00e9 Sette, Jo\u00e3o Carri\u00e7o e sua Carri\u00e7o Film, Marcos Pimentel, do escritor juiz-forano Pedro Nava, al\u00e9m de publica\u00e7\u00f5es como A T\u00f4rre de Marfim e o movimento cineclubista do Centro de Estudos Cinematogr\u00e1ficos de Juiz de Fora.<\/p>\n<p>Tendo seu pref\u00e1cio escrito pela pesquisadora Sheila Schvarzman, Cinema em Juiz de Fora busca expandir o campo das pesquisas cinematogr\u00e1ficas para al\u00e9m dos eixos hegem\u00f4nicos, centrados nas capitais Rio\/S\u00e3o Paulo, abarcando e valorizando experi\u00eancias regionais que enriquecem, em muito, a hist\u00f3ria do cinema brasileiro.<\/p>\n<p tabindex=\"0\" data-type=\"text\"><b><i>Imagem: Capa do livro \u201cCinema em Juiz de Fora\u201d.<\/i><\/b><\/p>\n<p>Confira a resenha publicada na<a href=\"http:\/\/www.asaeca.org\/imagofagia\/index.php\/imagofagia\/article\/view\/164\" target=\"_blank\" rel=\"noopener noreferrer\">&nbsp;revista Imagofagia.<\/a><\/p>\n<p>Para adquirir o livro ver na&nbsp;<a href=\"https:\/\/www2.ufjf.br\/editora\/como-comprar\/\" target=\"_blank\" rel=\"noopener noreferrer\">editora da UFJF<\/a>.<\/p>\t\t\t\t\t\t\t\t<\/div>\n\t\t\t\t<\/div>\n\t\t\t\t<\/div>\n\t\t\t\t\t<\/div>\n\t\t\t\t<\/div>\n\t\t\t\t<\/div>","protected":false},"excerpt":{"rendered":"<p>Livro: Cinema em Juiz de Fora Cinema em Juiz de Fora foi lan\u00e7ado na II Jornada de Estudos em Hist\u00f3ria do Cinema Brasileiro, que ocorreu no dia 16 de agosto, no Instituto de Artes e Design. O livro foi organizado por Alessandra Brum, Lu\u00eds Alberto Rocha Melo e S\u00e9rgio Puccini, todos professores do Bacharelado em [&hellip;]<\/p>\n","protected":false},"author":1,"featured_media":0,"parent":193,"menu_order":0,"comment_status":"closed","ping_status":"closed","template":"elementor_header_footer","meta":{"footnotes":""},"tnc_tax_8431":[],"tnc_tax_8399":[],"tnc_tax_8396":[],"tnc_tax_8393":[],"tnc_tax_6759":[],"tnc_tax_6723":[],"tnc_tax_4866":[],"tnc_tax_3507":[],"class_list":["post-357","page","type-page","status-publish","hentry"],"blocksy_meta":[],"_links":{"self":[{"href":"https:\/\/minasecinema.repesq.ufjf.br\/en\/wp-json\/wp\/v2\/pages\/357","targetHints":{"allow":["GET"]}}],"collection":[{"href":"https:\/\/minasecinema.repesq.ufjf.br\/en\/wp-json\/wp\/v2\/pages"}],"about":[{"href":"https:\/\/minasecinema.repesq.ufjf.br\/en\/wp-json\/wp\/v2\/types\/page"}],"author":[{"embeddable":true,"href":"https:\/\/minasecinema.repesq.ufjf.br\/en\/wp-json\/wp\/v2\/users\/1"}],"replies":[{"embeddable":true,"href":"https:\/\/minasecinema.repesq.ufjf.br\/en\/wp-json\/wp\/v2\/comments?post=357"}],"version-history":[{"count":19,"href":"https:\/\/minasecinema.repesq.ufjf.br\/en\/wp-json\/wp\/v2\/pages\/357\/revisions"}],"predecessor-version":[{"id":1599,"href":"https:\/\/minasecinema.repesq.ufjf.br\/en\/wp-json\/wp\/v2\/pages\/357\/revisions\/1599"}],"up":[{"embeddable":true,"href":"https:\/\/minasecinema.repesq.ufjf.br\/en\/wp-json\/wp\/v2\/pages\/193"}],"wp:attachment":[{"href":"https:\/\/minasecinema.repesq.ufjf.br\/en\/wp-json\/wp\/v2\/media?parent=357"}],"wp:term":[{"taxonomy":"tnc_tax_8431","embeddable":true,"href":"https:\/\/minasecinema.repesq.ufjf.br\/en\/wp-json\/wp\/v2\/tnc_tax_8431?post=357"},{"taxonomy":"tnc_tax_8399","embeddable":true,"href":"https:\/\/minasecinema.repesq.ufjf.br\/en\/wp-json\/wp\/v2\/tnc_tax_8399?post=357"},{"taxonomy":"tnc_tax_8396","embeddable":true,"href":"https:\/\/minasecinema.repesq.ufjf.br\/en\/wp-json\/wp\/v2\/tnc_tax_8396?post=357"},{"taxonomy":"tnc_tax_8393","embeddable":true,"href":"https:\/\/minasecinema.repesq.ufjf.br\/en\/wp-json\/wp\/v2\/tnc_tax_8393?post=357"},{"taxonomy":"tnc_tax_6759","embeddable":true,"href":"https:\/\/minasecinema.repesq.ufjf.br\/en\/wp-json\/wp\/v2\/tnc_tax_6759?post=357"},{"taxonomy":"tnc_tax_6723","embeddable":true,"href":"https:\/\/minasecinema.repesq.ufjf.br\/en\/wp-json\/wp\/v2\/tnc_tax_6723?post=357"},{"taxonomy":"tnc_tax_4866","embeddable":true,"href":"https:\/\/minasecinema.repesq.ufjf.br\/en\/wp-json\/wp\/v2\/tnc_tax_4866?post=357"},{"taxonomy":"tnc_tax_3507","embeddable":true,"href":"https:\/\/minasecinema.repesq.ufjf.br\/en\/wp-json\/wp\/v2\/tnc_tax_3507?post=357"}],"curies":[{"name":"wp","href":"https:\/\/api.w.org\/{rel}","templated":true}]}}