{"id":372,"date":"2023-11-28T23:56:27","date_gmt":"2023-11-28T23:56:27","guid":{"rendered":"https:\/\/minasecinema.com.br\/novo\/?page_id=372"},"modified":"2025-02-10T22:33:37","modified_gmt":"2025-02-10T22:33:37","slug":"livro-historias-de-cinemas-de-rua-de-minas-gerais","status":"publish","type":"page","link":"https:\/\/minasecinema.repesq.ufjf.br\/en\/publicacoes-do-projeto\/livro-historias-de-cinemas-de-rua-de-minas-gerais\/","title":{"rendered":"Book: Stories of Street Cinemas in Minas Gerais"},"content":{"rendered":"<div data-elementor-type=\"wp-page\" data-elementor-id=\"372\" class=\"elementor elementor-372\">\n\t\t\t\t<div class=\"has_eae_slider elementor-element elementor-element-d51ceda e-flex e-con-boxed e-con e-parent\" data-eae-slider=\"60244\" data-id=\"d51ceda\" data-element_type=\"container\" data-settings=\"{&quot;background_background&quot;:&quot;classic&quot;,&quot;shape_divider_bottom&quot;:&quot;waves&quot;}\">\n\t\t\t\t\t<div class=\"e-con-inner\">\n\t\t\t\t<div class=\"elementor-shape elementor-shape-bottom\" aria-hidden=\"true\" data-negative=\"false\">\n\t\t\t<svg xmlns=\"http:\/\/www.w3.org\/2000\/svg\" viewbox=\"0 0 1000 100\" preserveaspectratio=\"none\">\n\t<path class=\"elementor-shape-fill\" d=\"M421.9,6.5c22.6-2.5,51.5,0.4,75.5,5.3c23.6,4.9,70.9,23.5,100.5,35.7c75.8,32.2,133.7,44.5,192.6,49.7\tc23.6,2.1,48.7,3.5,103.4-2.5c54.7-6,106.2-25.6,106.2-25.6V0H0v30.3c0,0,72,32.6,158.4,30.5c39.2-0.7,92.8-6.7,134-22.4\tc21.2-8.1,52.2-18.2,79.7-24.2C399.3,7.9,411.6,7.5,421.9,6.5z\"\/>\n<\/svg>\t\t<\/div>\n\t\t\t\t<div class=\"elementor-element elementor-element-88ccace elementor-widget elementor-widget-spacer\" data-id=\"88ccace\" data-element_type=\"widget\" data-widget_type=\"spacer.default\">\n\t\t\t\t<div class=\"elementor-widget-container\">\n\t\t\t\t\t\t\t<div class=\"elementor-spacer\">\n\t\t\t<div class=\"elementor-spacer-inner\"><\/div>\n\t\t<\/div>\n\t\t\t\t\t\t<\/div>\n\t\t\t\t<\/div>\n\t\t\t\t<div class=\"elementor-element elementor-element-fd10f02 elementor-widget elementor-widget-heading\" data-id=\"fd10f02\" data-element_type=\"widget\" data-widget_type=\"heading.default\">\n\t\t\t\t<div class=\"elementor-widget-container\">\n\t\t\t\t\t<h1 class=\"elementor-heading-title elementor-size-default\">Book: Stories of Street Cinemas in Minas Gerais<\/h1>\t\t\t\t<\/div>\n\t\t\t\t<\/div>\n\t\t\t\t<div class=\"elementor-element elementor-element-87f33c4 elementor-widget elementor-widget-text-editor\" data-id=\"87f33c4\" data-element_type=\"widget\" data-widget_type=\"text-editor.default\">\n\t\t\t\t<div class=\"elementor-widget-container\">\n\t\t\t\t\t\t\t\t\t<section class=\"background-id_0adjacent section-1665673260261 hagopy24\"><div class=\"position-relative kv-content\"><div class=\"kv-ee-section kv-ee-section--lg kv-content\" data-padding-top=\"0\"><div class=\"kv-ee-container\"><div class=\"kv-ee-row\"><div class=\"kv-ee-col-lg-10 kv-ee-offset-lg-1 kv-ee-align-left kv-notify-inview kv-ee-section-text kv-inview\"><p class=\"kv-ee-description\" tabindex=\"0\" data-type=\"text\">Os textos reunidos nessa colet\u00e2nea s\u00e3o resultado de uma curadoria realizada por Alessandra Brum e Ryan Brand\u00e3o para o I Encontro de Pesquisadores em Hist\u00f3rias de Cinema de Minas Gerais, que agregou acad\u00eamicos que tinham como objeto de investiga\u00e7\u00e3o as salas de cinema de rua do estado de Minas Gerais. O evento, realizado no dia 17 de maio de 2019, na Universidade Federal de Juiz de Fora (UFJF), marcou o fim da segunda etapa do projeto Minas \u00e9 Cinema, financiado pela Fapemig e desenvolvido pelo grupo de pesquisa CPCine \u2013 Hist\u00f3ria, Est\u00e9tica e Narrativas em Cinema e Audiovisual.<\/p><\/div><\/div><\/div><\/div><\/div><\/section><section class=\"background-id_0 section-1665673489107 kijubo11 undefined\"><a name=\"section1665673489107\"><\/a><div class=\"kv-background\">\u00a0<\/div><\/section>\t\t\t\t\t\t\t\t<\/div>\n\t\t\t\t<\/div>\n\t\t\t\t<div class=\"elementor-element elementor-element-971dbd1 elementor-widget elementor-widget-spacer\" data-id=\"971dbd1\" data-element_type=\"widget\" data-widget_type=\"spacer.default\">\n\t\t\t\t<div class=\"elementor-widget-container\">\n\t\t\t\t\t\t\t<div class=\"elementor-spacer\">\n\t\t\t<div class=\"elementor-spacer-inner\"><\/div>\n\t\t<\/div>\n\t\t\t\t\t\t<\/div>\n\t\t\t\t<\/div>\n\t\t\t\t\t<\/div>\n\t\t\t\t<\/div>\n\t\t<div class=\"has_eae_slider elementor-element elementor-element-4c4c4eb e-flex e-con-boxed e-con e-parent\" data-eae-slider=\"3150\" data-id=\"4c4c4eb\" data-element_type=\"container\" data-settings=\"{&quot;background_background&quot;:&quot;classic&quot;}\">\n\t\t\t\t\t<div class=\"e-con-inner\">\n\t\t<div class=\"has_eae_slider elementor-element elementor-element-30d2f49 e-con-full e-flex e-con e-child\" data-eae-slider=\"34210\" data-id=\"30d2f49\" data-element_type=\"container\">\n\t\t\t\t<div class=\"elementor-element elementor-element-76f04a9 elementor-widget elementor-widget-image\" data-id=\"76f04a9\" data-element_type=\"widget\" data-widget_type=\"image.default\">\n\t\t\t\t<div class=\"elementor-widget-container\">\n\t\t\t\t\t\t\t\t\t\t\t\t\t\t\t<img fetchpriority=\"high\" decoding=\"async\" width=\"714\" height=\"1024\" src=\"https:\/\/minasecinema.repesq.ufjf.br\/wp-content\/uploads\/2023\/11\/m-1-714x1024.png\" class=\"attachment-large size-large wp-image-374\" alt=\"\" srcset=\"https:\/\/minasecinema.repesq.ufjf.br\/wp-content\/uploads\/2023\/11\/m-1-714x1024.png 714w, https:\/\/minasecinema.repesq.ufjf.br\/wp-content\/uploads\/2023\/11\/m-1-209x300.png 209w, https:\/\/minasecinema.repesq.ufjf.br\/wp-content\/uploads\/2023\/11\/m-1-768x1102.png 768w, https:\/\/minasecinema.repesq.ufjf.br\/wp-content\/uploads\/2023\/11\/m-1.png 1000w\" sizes=\"(max-width: 714px) 100vw, 714px\" \/>\t\t\t\t\t\t\t\t\t\t\t\t\t\t\t<\/div>\n\t\t\t\t<\/div>\n\t\t\t\t<\/div>\n\t\t<div class=\"has_eae_slider elementor-element elementor-element-8aa199e e-con-full e-flex e-con e-child\" data-eae-slider=\"31236\" data-id=\"8aa199e\" data-element_type=\"container\">\n\t\t\t\t<div class=\"elementor-element elementor-element-30c7267 elementor-widget elementor-widget-text-editor\" data-id=\"30c7267\" data-element_type=\"widget\" data-widget_type=\"text-editor.default\">\n\t\t\t\t<div class=\"elementor-widget-container\">\n\t\t\t\t\t\t\t\t\t<p class=\"kv-ee-section-subtitle kv-ee-mb-4 kv-ee-section-subtitle--sm\" tabindex=\"0\" data-type=\"text\">A partir da d\u00e9cada de 1980, despontou um movimento dentro dos chamados Estudos Cinematogr\u00e1ficos que, ao inv\u00e9s de destacar o texto f\u00edlmico, p\u00f5e em perspectiva os espa\u00e7os de exibi\u00e7\u00e3o cinematogr\u00e1fica e as experi\u00eancias pessoais e coletivas das suas audi\u00eancias, nos mais diversos contextos sociais, econ\u00f4micos e culturais. O fato \u00e9 que, tendo conquistado uma maturidade metodol\u00f3gica \u2013 mesmo que as discuss\u00f5es sobre as metodologias empregadas pelos seus te\u00f3ricos sejam cont\u00ednuas \u2013 esse eixo de investiga\u00e7\u00e3o desenvolveu uma identidade pr\u00f3pria. No Brasil, ele vem sendo denominado pelo pesquisador Jo\u00e3o Luiz Vieira, que escreveu o pref\u00e1cio desse livro, como hist\u00f3rias de cinemas. Ou seja, configura-se como uma estrat\u00e9gia na qual o circuito f\u00edlmico n\u00e3o exclui (e nem poderia excluir) os filmes, mas vai al\u00e9m para incorporar as suas complexas e variadas condi\u00e7\u00f5es de recep\u00e7\u00e3o.<br \/><br \/>Nesse sentido, o livro dialoga com essa nova abordagem dos Estudos Cinematogr\u00e1ficos. Esperamos que ele possa instigar novas pesquisas, fazendo, assim, com que o campo se expanda em nosso estado. Afinal, para al\u00e9m dos estudos desenvolvidos nessa colet\u00e2nea sobre as cidades de Arax\u00e1, Juiz de Fora, Patos de Minas, Varginha e Visconde do Rio Branco, ainda existem in\u00fameras outras hist\u00f3rias de cinemas para serem contadas em Minas Gerais.<br \/><br \/><i>Imagem: Capa do livro: &#8220;Hist\u00f3rias de Cinemas de Rua de Minas Gerais&#8221;<\/i><\/p><p class=\"kv-ee-section-description kv-ee-body--md\" tabindex=\"0\" data-type=\"text\"><a href=\"https:\/\/www2.ufjf.br\/editora\/wp-content\/uploads\/sites\/113\/2021\/12\/HISTORIA-DE-CINEMA.pdf\" target=\"_blank\" rel=\"noopener noreferrer\">O e-book pode ser baixado diretamente do site da Editora da UFJF.<\/a><\/p>\t\t\t\t\t\t\t\t<\/div>\n\t\t\t\t<\/div>\n\t\t\t\t<\/div>\n\t\t\t\t\t<\/div>\n\t\t\t\t<\/div>\n\t\t\t\t<\/div>","protected":false},"excerpt":{"rendered":"<p>Livro: Hist\u00f3rias de Cinemas de Rua de Minas Gerais Os textos reunidos nessa colet\u00e2nea s\u00e3o resultado de uma curadoria realizada por Alessandra Brum e Ryan Brand\u00e3o para o I Encontro de Pesquisadores em Hist\u00f3rias de Cinema de Minas Gerais, que agregou acad\u00eamicos que tinham como objeto de investiga\u00e7\u00e3o as salas de cinema de rua do [&hellip;]<\/p>\n","protected":false},"author":1,"featured_media":0,"parent":193,"menu_order":0,"comment_status":"closed","ping_status":"closed","template":"elementor_header_footer","meta":{"footnotes":""},"tnc_tax_8431":[],"tnc_tax_8399":[],"tnc_tax_8396":[],"tnc_tax_8393":[],"tnc_tax_6759":[],"tnc_tax_6723":[],"tnc_tax_4866":[],"tnc_tax_3507":[],"class_list":["post-372","page","type-page","status-publish","hentry"],"blocksy_meta":[],"_links":{"self":[{"href":"https:\/\/minasecinema.repesq.ufjf.br\/en\/wp-json\/wp\/v2\/pages\/372","targetHints":{"allow":["GET"]}}],"collection":[{"href":"https:\/\/minasecinema.repesq.ufjf.br\/en\/wp-json\/wp\/v2\/pages"}],"about":[{"href":"https:\/\/minasecinema.repesq.ufjf.br\/en\/wp-json\/wp\/v2\/types\/page"}],"author":[{"embeddable":true,"href":"https:\/\/minasecinema.repesq.ufjf.br\/en\/wp-json\/wp\/v2\/users\/1"}],"replies":[{"embeddable":true,"href":"https:\/\/minasecinema.repesq.ufjf.br\/en\/wp-json\/wp\/v2\/comments?post=372"}],"version-history":[{"count":10,"href":"https:\/\/minasecinema.repesq.ufjf.br\/en\/wp-json\/wp\/v2\/pages\/372\/revisions"}],"predecessor-version":[{"id":1602,"href":"https:\/\/minasecinema.repesq.ufjf.br\/en\/wp-json\/wp\/v2\/pages\/372\/revisions\/1602"}],"up":[{"embeddable":true,"href":"https:\/\/minasecinema.repesq.ufjf.br\/en\/wp-json\/wp\/v2\/pages\/193"}],"wp:attachment":[{"href":"https:\/\/minasecinema.repesq.ufjf.br\/en\/wp-json\/wp\/v2\/media?parent=372"}],"wp:term":[{"taxonomy":"tnc_tax_8431","embeddable":true,"href":"https:\/\/minasecinema.repesq.ufjf.br\/en\/wp-json\/wp\/v2\/tnc_tax_8431?post=372"},{"taxonomy":"tnc_tax_8399","embeddable":true,"href":"https:\/\/minasecinema.repesq.ufjf.br\/en\/wp-json\/wp\/v2\/tnc_tax_8399?post=372"},{"taxonomy":"tnc_tax_8396","embeddable":true,"href":"https:\/\/minasecinema.repesq.ufjf.br\/en\/wp-json\/wp\/v2\/tnc_tax_8396?post=372"},{"taxonomy":"tnc_tax_8393","embeddable":true,"href":"https:\/\/minasecinema.repesq.ufjf.br\/en\/wp-json\/wp\/v2\/tnc_tax_8393?post=372"},{"taxonomy":"tnc_tax_6759","embeddable":true,"href":"https:\/\/minasecinema.repesq.ufjf.br\/en\/wp-json\/wp\/v2\/tnc_tax_6759?post=372"},{"taxonomy":"tnc_tax_6723","embeddable":true,"href":"https:\/\/minasecinema.repesq.ufjf.br\/en\/wp-json\/wp\/v2\/tnc_tax_6723?post=372"},{"taxonomy":"tnc_tax_4866","embeddable":true,"href":"https:\/\/minasecinema.repesq.ufjf.br\/en\/wp-json\/wp\/v2\/tnc_tax_4866?post=372"},{"taxonomy":"tnc_tax_3507","embeddable":true,"href":"https:\/\/minasecinema.repesq.ufjf.br\/en\/wp-json\/wp\/v2\/tnc_tax_3507?post=372"}],"curies":[{"name":"wp","href":"https:\/\/api.w.org\/{rel}","templated":true}]}}