{"id":9,"date":"2023-10-09T20:24:27","date_gmt":"2023-10-09T20:24:27","guid":{"rendered":"https:\/\/minasecinema.com.br\/novo\/?page_id=9"},"modified":"2025-11-24T18:36:47","modified_gmt":"2025-11-24T18:36:47","slug":"inicio","status":"publish","type":"page","link":"https:\/\/minasecinema.repesq.ufjf.br\/en\/","title":{"rendered":"Home"},"content":{"rendered":"<div data-elementor-type=\"wp-page\" data-elementor-id=\"9\" class=\"elementor elementor-9\">\n\t\t\t\t<div class=\"has_eae_slider elementor-element elementor-element-2acc663 e-flex e-con-boxed elementor-invisible e-con e-parent\" data-eae-slider=\"49576\" data-id=\"2acc663\" data-element_type=\"container\" data-settings=\"{&quot;background_background&quot;:&quot;classic&quot;,&quot;shape_divider_bottom&quot;:&quot;waves&quot;,&quot;animation&quot;:&quot;fadeIn&quot;}\">\n\t\t\t\t\t<div class=\"e-con-inner\">\n\t\t\t\t<div class=\"elementor-shape elementor-shape-bottom\" aria-hidden=\"true\" data-negative=\"false\">\n\t\t\t<svg xmlns=\"http:\/\/www.w3.org\/2000\/svg\" viewbox=\"0 0 1000 100\" preserveaspectratio=\"none\">\n\t<path class=\"elementor-shape-fill\" d=\"M421.9,6.5c22.6-2.5,51.5,0.4,75.5,5.3c23.6,4.9,70.9,23.5,100.5,35.7c75.8,32.2,133.7,44.5,192.6,49.7\tc23.6,2.1,48.7,3.5,103.4-2.5c54.7-6,106.2-25.6,106.2-25.6V0H0v30.3c0,0,72,32.6,158.4,30.5c39.2-0.7,92.8-6.7,134-22.4\tc21.2-8.1,52.2-18.2,79.7-24.2C399.3,7.9,411.6,7.5,421.9,6.5z\"\/>\n<\/svg>\t\t<\/div>\n\t\t\t\t<div class=\"elementor-element elementor-element-f2f9f18 elementor-widget elementor-widget-spacer\" data-id=\"f2f9f18\" data-element_type=\"widget\" data-widget_type=\"spacer.default\">\n\t\t\t\t<div class=\"elementor-widget-container\">\n\t\t\t\t\t\t\t<div class=\"elementor-spacer\">\n\t\t\t<div class=\"elementor-spacer-inner\"><\/div>\n\t\t<\/div>\n\t\t\t\t\t\t<\/div>\n\t\t\t\t<\/div>\n\t\t\t\t<div class=\"elementor-element elementor-element-1182bdd elementor-invisible elementor-widget elementor-widget-image\" data-id=\"1182bdd\" data-element_type=\"widget\" data-settings=\"{&quot;_animation&quot;:&quot;pulse&quot;}\" data-widget_type=\"image.default\">\n\t\t\t\t<div class=\"elementor-widget-container\">\n\t\t\t\t\t\t\t\t\t\t\t\t\t\t\t<img fetchpriority=\"high\" decoding=\"async\" width=\"441\" height=\"441\" src=\"https:\/\/minasecinema.repesq.ufjf.br\/wp-content\/uploads\/2023\/10\/cropped-favicon-e1696938898133.png\" class=\"attachment-large size-large wp-image-31\" alt=\"\" srcset=\"https:\/\/minasecinema.repesq.ufjf.br\/wp-content\/uploads\/2023\/10\/cropped-favicon-e1696938898133.png 441w, https:\/\/minasecinema.repesq.ufjf.br\/wp-content\/uploads\/2023\/10\/cropped-favicon-e1696938898133-300x300.png 300w, https:\/\/minasecinema.repesq.ufjf.br\/wp-content\/uploads\/2023\/10\/cropped-favicon-e1696938898133-150x150.png 150w\" sizes=\"(max-width: 441px) 100vw, 441px\" \/>\t\t\t\t\t\t\t\t\t\t\t\t\t\t\t<\/div>\n\t\t\t\t<\/div>\n\t\t\t\t<div class=\"elementor-element elementor-element-7631f2a elementor-invisible elementor-widget elementor-widget-text-editor\" data-id=\"7631f2a\" data-element_type=\"widget\" data-settings=\"{&quot;_animation&quot;:&quot;fadeIn&quot;}\" data-widget_type=\"text-editor.default\">\n\t\t\t\t<div class=\"elementor-widget-container\">\n\t\t\t\t\t\t\t\t\t<p>Minas \u00e9 Cinema \u00e9 um projeto do grupo de pesquisa CPCine: Hist\u00f3ria, est\u00e9tica e narrativas em cinema e audiovisual, <span class=\"OYPEnA text-decoration-none text-strikethrough-none\">constitu\u00eddo por professores, pesquisadores, t\u00e9cnico e discentes da Universidade Federal de Juiz de Fora e outras institui\u00e7\u00f5es de ensino<\/span>. Minas \u00e9 Cinema objetiva mapear a atividade cinematogr\u00e1fica no Estado de Minas Gerais, no que diz respeito \u00e0 produ\u00e7\u00e3o, exibi\u00e7\u00e3o, distribui\u00e7\u00e3o de filmes, recep\u00e7\u00e3o, produ\u00e7\u00e3o cr\u00edtica e publica\u00e7\u00f5es sobre cinema. Dada a amplitude do Estado de Minas Gerais e sobretudo o universo abrangente da pesquisa, o projeto vem sendo desenvolvido por etapas, com foco na Zona da Mata Mineira. O projeto conta ainda com o Laborat\u00f3rio de narrativas audiovisuais \u2013 LANAV que tem por objetivo realizar entrevistas com personalidades ligadas ao cinema.<\/p>\t\t\t\t\t\t\t\t<\/div>\n\t\t\t\t<\/div>\n\t\t\t\t<div class=\"elementor-element elementor-element-5285e61 elementor-align-center elementor-invisible elementor-widget elementor-widget-button\" data-id=\"5285e61\" data-element_type=\"widget\" data-settings=\"{&quot;_animation&quot;:&quot;fadeIn&quot;}\" data-widget_type=\"button.default\">\n\t\t\t\t<div class=\"elementor-widget-container\">\n\t\t\t\t\t\t\t\t\t<div class=\"elementor-button-wrapper\">\n\t\t\t\t\t<a class=\"elementor-button elementor-button-link elementor-size-sm\" href=\"https:\/\/minasecinema.repesq.ufjf.br\/en\/o-projeto\/\">\n\t\t\t\t\t\t<span class=\"elementor-button-content-wrapper\">\n\t\t\t\t\t\t\t\t\t<span class=\"elementor-button-text\">Learn more about the project!<\/span>\n\t\t\t\t\t<\/span>\n\t\t\t\t\t<\/a>\n\t\t\t\t<\/div>\n\t\t\t\t\t\t\t\t<\/div>\n\t\t\t\t<\/div>\n\t\t\t\t<div class=\"elementor-element elementor-element-a1479d2 elementor-widget elementor-widget-spacer\" data-id=\"a1479d2\" data-element_type=\"widget\" data-widget_type=\"spacer.default\">\n\t\t\t\t<div class=\"elementor-widget-container\">\n\t\t\t\t\t\t\t<div class=\"elementor-spacer\">\n\t\t\t<div class=\"elementor-spacer-inner\"><\/div>\n\t\t<\/div>\n\t\t\t\t\t\t<\/div>\n\t\t\t\t<\/div>\n\t\t\t\t\t<\/div>\n\t\t\t\t<\/div>\n\t\t<div class=\"has_eae_slider elementor-element elementor-element-3b75a6e e-flex e-con-boxed e-con e-parent\" data-eae-slider=\"41087\" data-id=\"3b75a6e\" data-element_type=\"container\" data-settings=\"{&quot;background_background&quot;:&quot;classic&quot;}\">\n\t\t\t\t\t<div class=\"e-con-inner\">\n\t\t\t\t<div class=\"elementor-element elementor-element-8a77355 elementor-widget elementor-widget-spacer\" data-id=\"8a77355\" data-element_type=\"widget\" data-widget_type=\"spacer.default\">\n\t\t\t\t<div class=\"elementor-widget-container\">\n\t\t\t\t\t\t\t<div class=\"elementor-spacer\">\n\t\t\t<div class=\"elementor-spacer-inner\"><\/div>\n\t\t<\/div>\n\t\t\t\t\t\t<\/div>\n\t\t\t\t<\/div>\n\t\t\t\t<div class=\"elementor-element elementor-element-90885c4 elementor-shape-circle elementor-grid-0 e-grid-align-center elementor-invisible elementor-widget elementor-widget-social-icons\" data-id=\"90885c4\" data-element_type=\"widget\" data-settings=\"{&quot;_animation&quot;:&quot;fadeIn&quot;}\" data-widget_type=\"social-icons.default\">\n\t\t\t\t<div class=\"elementor-widget-container\">\n\t\t\t\t\t\t\t<div class=\"elementor-social-icons-wrapper elementor-grid\" role=\"list\">\n\t\t\t\t\t\t\t<span class=\"elementor-grid-item\" role=\"listitem\">\n\t\t\t\t\t<a class=\"elementor-icon elementor-social-icon elementor-social-icon-facebook elementor-repeater-item-6a5586f\" href=\"https:\/\/www.facebook.com\/minasecinema\/\" target=\"_blank\">\n\t\t\t\t\t\t<span class=\"elementor-screen-only\">Facebook<\/span>\n\t\t\t\t\t\t<i class=\"fab fa-facebook\"><\/i>\t\t\t\t\t<\/a>\n\t\t\t\t<\/span>\n\t\t\t\t\t\t\t<span class=\"elementor-grid-item\" role=\"listitem\">\n\t\t\t\t\t<a class=\"elementor-icon elementor-social-icon elementor-social-icon-youtube elementor-repeater-item-bc54f61\" href=\"https:\/\/www.youtube.com\/channel\/UCuIFWFnbNatjrP_wt6wnnAQ\" target=\"_blank\">\n\t\t\t\t\t\t<span class=\"elementor-screen-only\">YouTube<\/span>\n\t\t\t\t\t\t<i class=\"fab fa-youtube\"><\/i>\t\t\t\t\t<\/a>\n\t\t\t\t<\/span>\n\t\t\t\t\t\t\t<span class=\"elementor-grid-item\" role=\"listitem\">\n\t\t\t\t\t<a class=\"elementor-icon elementor-social-icon elementor-social-icon-instagram elementor-repeater-item-feaed7f\" href=\"https:\/\/www.instagram.com\/minasecinema\/\" target=\"_blank\">\n\t\t\t\t\t\t<span class=\"elementor-screen-only\">Instagram<\/span>\n\t\t\t\t\t\t<i class=\"fab fa-instagram\"><\/i>\t\t\t\t\t<\/a>\n\t\t\t\t<\/span>\n\t\t\t\t\t<\/div>\n\t\t\t\t\t\t<\/div>\n\t\t\t\t<\/div>\n\t\t\t\t<div class=\"elementor-element elementor-element-070533b elementor-widget elementor-widget-spacer\" data-id=\"070533b\" data-element_type=\"widget\" data-widget_type=\"spacer.default\">\n\t\t\t\t<div class=\"elementor-widget-container\">\n\t\t\t\t\t\t\t<div class=\"elementor-spacer\">\n\t\t\t<div class=\"elementor-spacer-inner\"><\/div>\n\t\t<\/div>\n\t\t\t\t\t\t<\/div>\n\t\t\t\t<\/div>\n\t\t\t\t\t<\/div>\n\t\t\t\t<\/div>\n\t\t<div class=\"has_eae_slider elementor-element elementor-element-86f2f24 e-con-full e-flex e-con e-parent\" data-eae-slider=\"16802\" data-id=\"86f2f24\" data-element_type=\"container\" data-settings=\"{&quot;background_background&quot;:&quot;classic&quot;,&quot;shape_divider_top&quot;:&quot;waves&quot;}\">\n\t\t\t\t<div class=\"elementor-shape elementor-shape-top\" aria-hidden=\"true\" data-negative=\"false\">\n\t\t\t<svg xmlns=\"http:\/\/www.w3.org\/2000\/svg\" viewbox=\"0 0 1000 100\" preserveaspectratio=\"none\">\n\t<path class=\"elementor-shape-fill\" d=\"M421.9,6.5c22.6-2.5,51.5,0.4,75.5,5.3c23.6,4.9,70.9,23.5,100.5,35.7c75.8,32.2,133.7,44.5,192.6,49.7\tc23.6,2.1,48.7,3.5,103.4-2.5c54.7-6,106.2-25.6,106.2-25.6V0H0v30.3c0,0,72,32.6,158.4,30.5c39.2-0.7,92.8-6.7,134-22.4\tc21.2-8.1,52.2-18.2,79.7-24.2C399.3,7.9,411.6,7.5,421.9,6.5z\"\/>\n<\/svg>\t\t<\/div>\n\t\t<div class=\"has_eae_slider elementor-element elementor-element-7c5353d e-con-full e-flex e-con e-child\" data-eae-slider=\"20829\" data-id=\"7c5353d\" data-element_type=\"container\">\n\t\t\t\t<div class=\"elementor-element elementor-element-567fe16 elementor-invisible elementor-widget elementor-widget-image\" data-id=\"567fe16\" data-element_type=\"widget\" data-settings=\"{&quot;_animation&quot;:&quot;fadeIn&quot;}\" data-widget_type=\"image.default\">\n\t\t\t\t<div class=\"elementor-widget-container\">\n\t\t\t\t\t\t\t\t\t\t\t\t\t\t\t<img decoding=\"async\" src=\"https:\/\/minasecinema.repesq.ufjf.br\/wp-content\/uploads\/elementor\/thumbs\/logo_cnpq-qi61m51pilgcs7vvcwk9tdt0bgqpq4s9uje26kf2aa.png\" title=\"logo_cnpq\" alt=\"logo_cnpq\" loading=\"lazy\" \/>\t\t\t\t\t\t\t\t\t\t\t\t\t\t\t<\/div>\n\t\t\t\t<\/div>\n\t\t\t\t<div class=\"elementor-element elementor-element-dc5133f elementor-invisible elementor-widget elementor-widget-image\" data-id=\"dc5133f\" data-element_type=\"widget\" data-settings=\"{&quot;_animation&quot;:&quot;fadeIn&quot;}\" data-widget_type=\"image.default\">\n\t\t\t\t<div class=\"elementor-widget-container\">\n\t\t\t\t\t\t\t\t\t\t\t\t\t\t\t<img decoding=\"async\" width=\"150\" height=\"150\" src=\"https:\/\/minasecinema.repesq.ufjf.br\/wp-content\/uploads\/2024\/03\/certo-e1710453045331-150x150.png\" class=\"attachment-thumbnail size-thumbnail wp-image-1357\" alt=\"\" srcset=\"https:\/\/minasecinema.repesq.ufjf.br\/wp-content\/uploads\/2024\/03\/certo-e1710453045331-150x150.png 150w, https:\/\/minasecinema.repesq.ufjf.br\/wp-content\/uploads\/2024\/03\/certo-e1710453045331-12x12.png 12w\" sizes=\"(max-width: 150px) 100vw, 150px\" \/>\t\t\t\t\t\t\t\t\t\t\t\t\t\t\t<\/div>\n\t\t\t\t<\/div>\n\t\t\t\t<\/div>\n\t\t<div class=\"has_eae_slider elementor-element elementor-element-701ee51 e-con-full e-flex elementor-invisible e-con e-child\" data-eae-slider=\"3321\" data-id=\"701ee51\" data-element_type=\"container\" data-settings=\"{&quot;animation&quot;:&quot;fadeIn&quot;}\">\n\t\t\t\t<div class=\"elementor-element elementor-element-d8aafcb elementor-widget elementor-widget-image\" data-id=\"d8aafcb\" data-element_type=\"widget\" data-widget_type=\"image.default\">\n\t\t\t\t<div class=\"elementor-widget-container\">\n\t\t\t\t\t\t\t\t\t\t\t\t\t\t\t<img decoding=\"async\" src=\"https:\/\/minasecinema.repesq.ufjf.br\/wp-content\/uploads\/elementor\/thumbs\/Logo-Curso-Cinema-PN-1-e1710453364915-ql7vj0fvc3zniif1llyzi69hq3tjibk8laf0ps7odm.png\" title=\"Logo-Curso-Cinema-PN (1)\" alt=\"Logo-Curso-Cinema-PN (1)\" loading=\"lazy\" \/>\t\t\t\t\t\t\t\t\t\t\t\t\t\t\t<\/div>\n\t\t\t\t<\/div>\n\t\t\t\t<div class=\"elementor-element elementor-element-4aa10ec elementor-widget elementor-widget-image\" data-id=\"4aa10ec\" data-element_type=\"widget\" data-widget_type=\"image.default\">\n\t\t\t\t<div class=\"elementor-widget-container\">\n\t\t\t\t\t\t\t\t\t\t\t\t\t\t\t<img decoding=\"async\" src=\"https:\/\/minasecinema.repesq.ufjf.br\/wp-content\/uploads\/elementor\/thumbs\/PPGACL-png-1-e1710453130479-ql7vcwho4qef763zct2zvorzdfp2v0jl1cuqjh81og.png\" title=\"PPGACL-png (1)\" alt=\"PPGACL-png (1)\" loading=\"lazy\" \/>\t\t\t\t\t\t\t\t\t\t\t\t\t\t\t<\/div>\n\t\t\t\t<\/div>\n\t\t\t\t<\/div>\n\t\t<div class=\"has_eae_slider elementor-element elementor-element-a8f25d4 e-con-full e-flex elementor-invisible e-con e-child\" data-eae-slider=\"10043\" data-id=\"a8f25d4\" data-element_type=\"container\" data-settings=\"{&quot;animation&quot;:&quot;fadeIn&quot;}\">\n\t\t\t\t<div class=\"elementor-element elementor-element-6fd8e6b elementor-widget elementor-widget-image\" data-id=\"6fd8e6b\" data-element_type=\"widget\" data-widget_type=\"image.default\">\n\t\t\t\t<div class=\"elementor-widget-container\">\n\t\t\t\t\t\t\t\t\t\t\t\t\t\t\t<img decoding=\"async\" src=\"https:\/\/minasecinema.repesq.ufjf.br\/wp-content\/uploads\/elementor\/thumbs\/Logo-CPCINE-PNG-Tran-1-e1710453420526-ql7vkh2v6orkq34152wsyrznn6div8lqqu1jppzvog.png\" title=\"Logo-CPCINE-PNG-Tran (1)\" alt=\"Logo-CPCINE-PNG-Tran (1)\" loading=\"lazy\" \/>\t\t\t\t\t\t\t\t\t\t\t\t\t\t\t<\/div>\n\t\t\t\t<\/div>\n\t\t\t\t<div class=\"elementor-element elementor-element-8a04f69 elementor-widget elementor-widget-image\" data-id=\"8a04f69\" data-element_type=\"widget\" data-widget_type=\"image.default\">\n\t\t\t\t<div class=\"elementor-widget-container\">\n\t\t\t\t\t\t\t\t\t\t\t\t\t\t\t<img decoding=\"async\" src=\"https:\/\/minasecinema.repesq.ufjf.br\/wp-content\/uploads\/elementor\/thumbs\/FAPEMIG-png-1-e1710453319950-ql7vhu54skdr024hglorvyxqzrm0vxwbfh264bye16.png\" title=\"FAPEMIG-png (1)\" alt=\"FAPEMIG-png (1)\" loading=\"lazy\" \/>\t\t\t\t\t\t\t\t\t\t\t\t\t\t\t<\/div>\n\t\t\t\t<\/div>\n\t\t\t\t<\/div>\n\t\t\t\t<\/div>\n\t\t<div class=\"has_eae_slider elementor-element elementor-element-2261da5 elementor-hidden-mobile e-con-full e-flex e-con e-parent\" data-eae-slider=\"56219\" data-id=\"2261da5\" data-element_type=\"container\" data-settings=\"{&quot;background_background&quot;:&quot;classic&quot;}\">\n\t\t\t\t<div class=\"elementor-element elementor-element-c662096 elementor-widget elementor-widget-image\" data-id=\"c662096\" data-element_type=\"widget\" data-widget_type=\"image.default\">\n\t\t\t\t<div class=\"elementor-widget-container\">\n\t\t\t\t\t\t\t\t\t\t\t\t\t\t\t<img decoding=\"async\" src=\"https:\/\/minasecinema.repesq.ufjf.br\/wp-content\/uploads\/elementor\/thumbs\/PROPP-png-1-e1710452811272-ql7v4kn8m7y6nolfivm8rtstw3lre4jqddz0s9z7c8.png\" title=\"PROPP-png (1)\" alt=\"PROPP-png (1)\" loading=\"lazy\" \/>\t\t\t\t\t\t\t\t\t\t\t\t\t\t\t<\/div>\n\t\t\t\t<\/div>\n\t\t\t\t<div class=\"elementor-element elementor-element-39b8554 elementor-widget elementor-widget-image\" data-id=\"39b8554\" data-element_type=\"widget\" data-widget_type=\"image.default\">\n\t\t\t\t<div class=\"elementor-widget-container\">\n\t\t\t\t\t\t\t\t\t\t\t\t\t\t\t<img decoding=\"async\" width=\"853\" height=\"293\" src=\"https:\/\/minasecinema.repesq.ufjf.br\/wp-content\/uploads\/2025\/11\/WhatsApp_Image_2025-11-24_at_14.05.51-removebg-preview.png\" class=\"attachment-1536x1536 size-1536x1536 wp-image-69730\" alt=\"\" srcset=\"https:\/\/minasecinema.repesq.ufjf.br\/wp-content\/uploads\/2025\/11\/WhatsApp_Image_2025-11-24_at_14.05.51-removebg-preview.png 853w, https:\/\/minasecinema.repesq.ufjf.br\/wp-content\/uploads\/2025\/11\/WhatsApp_Image_2025-11-24_at_14.05.51-removebg-preview-300x103.png 300w, https:\/\/minasecinema.repesq.ufjf.br\/wp-content\/uploads\/2025\/11\/WhatsApp_Image_2025-11-24_at_14.05.51-removebg-preview-768x264.png 768w, https:\/\/minasecinema.repesq.ufjf.br\/wp-content\/uploads\/2025\/11\/WhatsApp_Image_2025-11-24_at_14.05.51-removebg-preview-18x6.png 18w, https:\/\/minasecinema.repesq.ufjf.br\/wp-content\/uploads\/2025\/11\/WhatsApp_Image_2025-11-24_at_14.05.51-removebg-preview-205x70.png 205w, https:\/\/minasecinema.repesq.ufjf.br\/wp-content\/uploads\/2025\/11\/WhatsApp_Image_2025-11-24_at_14.05.51-removebg-preview-480x165.png 480w\" sizes=\"(max-width: 853px) 100vw, 853px\" \/>\t\t\t\t\t\t\t\t\t\t\t\t\t\t\t<\/div>\n\t\t\t\t<\/div>\n\t\t\t\t<\/div>\n\t\t<div class=\"has_eae_slider elementor-element elementor-element-2ecb006 elementor-hidden-mobile e-flex e-con-boxed e-con e-parent\" data-eae-slider=\"33786\" data-id=\"2ecb006\" data-element_type=\"container\" data-settings=\"{&quot;background_background&quot;:&quot;classic&quot;}\">\n\t\t\t\t\t<div class=\"e-con-inner\">\n\t\t\t\t<div class=\"elementor-element elementor-element-8f3c14c elementor-widget__width-initial elementor-widget elementor-widget-image\" data-id=\"8f3c14c\" data-element_type=\"widget\" data-widget_type=\"image.default\">\n\t\t\t\t<div class=\"elementor-widget-container\">\n\t\t\t\t\t\t\t\t\t\t\t\t\t\t\t<img decoding=\"async\" src=\"https:\/\/minasecinema.repesq.ufjf.br\/wp-content\/uploads\/elementor\/thumbs\/rodape-lpg-1-e1723811147989-qsozn7hr3qk3e4jqjtiq4qh532odz3b6qy3afwk354.png\" title=\"rodap\u00e9 lpg\" alt=\"rodap\u00e9 lpg\" loading=\"lazy\" \/>\t\t\t\t\t\t\t\t\t\t\t\t\t\t\t<\/div>\n\t\t\t\t<\/div>\n\t\t<div class=\"has_eae_slider elementor-element elementor-element-3f1f92a e-con-full e-flex e-con e-child\" data-eae-slider=\"42191\" data-id=\"3f1f92a\" data-element_type=\"container\">\n\t\t\t\t<div class=\"elementor-element elementor-element-ee613df elementor-widget elementor-widget-image\" data-id=\"ee613df\" data-element_type=\"widget\" data-widget_type=\"image.default\">\n\t\t\t\t<div class=\"elementor-widget-container\">\n\t\t\t\t\t\t\t\t\t\t\t\t\t\t\t<img decoding=\"async\" src=\"https:\/\/minasecinema.repesq.ufjf.br\/wp-content\/uploads\/elementor\/thumbs\/rodape-lpg-e1723811023828-qsozjyxrka4jeh91gf4zjjvzfamvgmggyx72xlcwko.png\" title=\"rodap\u00e9 lpg\" alt=\"rodap\u00e9 lpg\" loading=\"lazy\" \/>\t\t\t\t\t\t\t\t\t\t\t\t\t\t\t<\/div>\n\t\t\t\t<\/div>\n\t\t\t\t<\/div>\n\t\t\t\t\t<\/div>\n\t\t\t\t<\/div>\n\t\t<div class=\"has_eae_slider elementor-element elementor-element-2268083 elementor-hidden-desktop elementor-hidden-tablet e-flex e-con-boxed e-con e-parent\" data-eae-slider=\"98982\" data-id=\"2268083\" data-element_type=\"container\" data-settings=\"{&quot;background_background&quot;:&quot;classic&quot;,&quot;shape_divider_bottom&quot;:&quot;waves&quot;}\">\n\t\t\t\t\t<div class=\"e-con-inner\">\n\t\t\t\t<div class=\"elementor-shape elementor-shape-bottom\" aria-hidden=\"true\" data-negative=\"false\">\n\t\t\t<svg xmlns=\"http:\/\/www.w3.org\/2000\/svg\" viewbox=\"0 0 1000 100\" preserveaspectratio=\"none\">\n\t<path class=\"elementor-shape-fill\" d=\"M421.9,6.5c22.6-2.5,51.5,0.4,75.5,5.3c23.6,4.9,70.9,23.5,100.5,35.7c75.8,32.2,133.7,44.5,192.6,49.7\tc23.6,2.1,48.7,3.5,103.4-2.5c54.7-6,106.2-25.6,106.2-25.6V0H0v30.3c0,0,72,32.6,158.4,30.5c39.2-0.7,92.8-6.7,134-22.4\tc21.2-8.1,52.2-18.2,79.7-24.2C399.3,7.9,411.6,7.5,421.9,6.5z\"\/>\n<\/svg>\t\t<\/div>\n\t\t<div class=\"has_eae_slider elementor-element elementor-element-30321a1 e-con-full e-flex e-con e-child\" data-eae-slider=\"24495\" data-id=\"30321a1\" data-element_type=\"container\">\n\t\t\t\t<div class=\"elementor-element elementor-element-48ca7fb elementor-widget elementor-widget-image\" data-id=\"48ca7fb\" data-element_type=\"widget\" data-widget_type=\"image.default\">\n\t\t\t\t<div class=\"elementor-widget-container\">\n\t\t\t\t\t\t\t\t\t\t\t\t\t\t\t<img loading=\"lazy\" decoding=\"async\" width=\"1024\" height=\"345\" src=\"https:\/\/minasecinema.repesq.ufjf.br\/wp-content\/uploads\/2024\/08\/rodape-lpg-1-e1723811147989-1024x345.png\" class=\"attachment-large size-large wp-image-2061\" alt=\"\" srcset=\"https:\/\/minasecinema.repesq.ufjf.br\/wp-content\/uploads\/2024\/08\/rodape-lpg-1-e1723811147989-1024x345.png 1024w, https:\/\/minasecinema.repesq.ufjf.br\/wp-content\/uploads\/2024\/08\/rodape-lpg-1-e1723811147989-300x101.png 300w, https:\/\/minasecinema.repesq.ufjf.br\/wp-content\/uploads\/2024\/08\/rodape-lpg-1-e1723811147989-768x259.png 768w, https:\/\/minasecinema.repesq.ufjf.br\/wp-content\/uploads\/2024\/08\/rodape-lpg-1-e1723811147989-18x6.png 18w, https:\/\/minasecinema.repesq.ufjf.br\/wp-content\/uploads\/2024\/08\/rodape-lpg-1-e1723811147989-205x69.png 205w, https:\/\/minasecinema.repesq.ufjf.br\/wp-content\/uploads\/2024\/08\/rodape-lpg-1-e1723811147989-480x162.png 480w, https:\/\/minasecinema.repesq.ufjf.br\/wp-content\/uploads\/2024\/08\/rodape-lpg-1-e1723811147989.png 1408w\" sizes=\"(max-width: 1024px) 100vw, 1024px\" \/>\t\t\t\t\t\t\t\t\t\t\t\t\t\t\t<\/div>\n\t\t\t\t<\/div>\n\t\t<div class=\"has_eae_slider elementor-element elementor-element-f2fa970 e-con-full e-flex e-con e-child\" data-eae-slider=\"90199\" data-id=\"f2fa970\" data-element_type=\"container\">\n\t\t\t\t<div class=\"elementor-element elementor-element-7eea2e9 elementor-widget elementor-widget-image\" data-id=\"7eea2e9\" data-element_type=\"widget\" data-widget_type=\"image.default\">\n\t\t\t\t<div class=\"elementor-widget-container\">\n\t\t\t\t\t\t\t\t\t\t\t\t\t\t\t<img loading=\"lazy\" decoding=\"async\" width=\"1024\" height=\"1024\" src=\"https:\/\/minasecinema.repesq.ufjf.br\/wp-content\/uploads\/2024\/08\/imagem_2024-08-17_082209009-1024x1024.png\" class=\"attachment-large size-large wp-image-2066\" alt=\"\" srcset=\"https:\/\/minasecinema.repesq.ufjf.br\/wp-content\/uploads\/2024\/08\/imagem_2024-08-17_082209009-1024x1024.png 1024w, https:\/\/minasecinema.repesq.ufjf.br\/wp-content\/uploads\/2024\/08\/imagem_2024-08-17_082209009-300x300.png 300w, https:\/\/minasecinema.repesq.ufjf.br\/wp-content\/uploads\/2024\/08\/imagem_2024-08-17_082209009-150x150.png 150w, https:\/\/minasecinema.repesq.ufjf.br\/wp-content\/uploads\/2024\/08\/imagem_2024-08-17_082209009-768x768.png 768w, https:\/\/minasecinema.repesq.ufjf.br\/wp-content\/uploads\/2024\/08\/imagem_2024-08-17_082209009-12x12.png 12w, https:\/\/minasecinema.repesq.ufjf.br\/wp-content\/uploads\/2024\/08\/imagem_2024-08-17_082209009-40x40.png 40w, https:\/\/minasecinema.repesq.ufjf.br\/wp-content\/uploads\/2024\/08\/imagem_2024-08-17_082209009-275x275.png 275w, https:\/\/minasecinema.repesq.ufjf.br\/wp-content\/uploads\/2024\/08\/imagem_2024-08-17_082209009-205x205.png 205w, https:\/\/minasecinema.repesq.ufjf.br\/wp-content\/uploads\/2024\/08\/imagem_2024-08-17_082209009-480x480.png 480w, https:\/\/minasecinema.repesq.ufjf.br\/wp-content\/uploads\/2024\/08\/imagem_2024-08-17_082209009.png 1080w\" sizes=\"(max-width: 1024px) 100vw, 1024px\" \/>\t\t\t\t\t\t\t\t\t\t\t\t\t\t\t<\/div>\n\t\t\t\t<\/div>\n\t\t\t\t<div class=\"elementor-element elementor-element-1c39306 elementor-widget elementor-widget-spacer\" data-id=\"1c39306\" data-element_type=\"widget\" data-widget_type=\"spacer.default\">\n\t\t\t\t<div class=\"elementor-widget-container\">\n\t\t\t\t\t\t\t<div class=\"elementor-spacer\">\n\t\t\t<div class=\"elementor-spacer-inner\"><\/div>\n\t\t<\/div>\n\t\t\t\t\t\t<\/div>\n\t\t\t\t<\/div>\n\t\t\t\t<\/div>\n\t\t\t\t<\/div>\n\t\t\t\t\t<\/div>\n\t\t\t\t<\/div>\n\t\t<div class=\"has_eae_slider elementor-element elementor-element-8e007e4 elementor-hidden-mobile e-flex e-con-boxed e-con e-parent\" data-eae-slider=\"60099\" data-id=\"8e007e4\" data-element_type=\"container\" data-settings=\"{&quot;background_background&quot;:&quot;classic&quot;,&quot;shape_divider_bottom&quot;:&quot;waves&quot;}\">\n\t\t\t\t\t<div class=\"e-con-inner\">\n\t\t\t\t<div class=\"elementor-shape elementor-shape-bottom\" aria-hidden=\"true\" data-negative=\"false\">\n\t\t\t<svg xmlns=\"http:\/\/www.w3.org\/2000\/svg\" viewbox=\"0 0 1000 100\" preserveaspectratio=\"none\">\n\t<path class=\"elementor-shape-fill\" d=\"M421.9,6.5c22.6-2.5,51.5,0.4,75.5,5.3c23.6,4.9,70.9,23.5,100.5,35.7c75.8,32.2,133.7,44.5,192.6,49.7\tc23.6,2.1,48.7,3.5,103.4-2.5c54.7-6,106.2-25.6,106.2-25.6V0H0v30.3c0,0,72,32.6,158.4,30.5c39.2-0.7,92.8-6.7,134-22.4\tc21.2-8.1,52.2-18.2,79.7-24.2C399.3,7.9,411.6,7.5,421.9,6.5z\"\/>\n<\/svg>\t\t<\/div>\n\t\t\t\t<div class=\"elementor-element elementor-element-4ad55ec elementor-widget elementor-widget-spacer\" data-id=\"4ad55ec\" data-element_type=\"widget\" data-widget_type=\"spacer.default\">\n\t\t\t\t<div class=\"elementor-widget-container\">\n\t\t\t\t\t\t\t<div class=\"elementor-spacer\">\n\t\t\t<div class=\"elementor-spacer-inner\"><\/div>\n\t\t<\/div>\n\t\t\t\t\t\t<\/div>\n\t\t\t\t<\/div>\n\t\t\t\t\t<\/div>\n\t\t\t\t<\/div>\n\t\t\t\t<\/div>","protected":false},"excerpt":{"rendered":"<p>Minas \u00e9 Cinema \u00e9 um projeto do grupo de pesquisa CPCine: Hist\u00f3ria, est\u00e9tica e narrativas em cinema e audiovisual, constitu\u00eddo por professores, pesquisadores, t\u00e9cnico e discentes da Universidade Federal de Juiz de Fora e outras institui\u00e7\u00f5es de ensino. Minas \u00e9 Cinema objetiva mapear a atividade cinematogr\u00e1fica no Estado de Minas Gerais, no que diz respeito [&hellip;]<\/p>\n","protected":false},"author":1,"featured_media":0,"parent":0,"menu_order":0,"comment_status":"closed","ping_status":"closed","template":"elementor_header_footer","meta":{"footnotes":""},"tnc_tax_8431":[],"tnc_tax_8399":[],"tnc_tax_8396":[],"tnc_tax_8393":[],"tnc_tax_6759":[],"tnc_tax_6723":[],"tnc_tax_4866":[],"tnc_tax_3507":[],"class_list":["post-9","page","type-page","status-publish","hentry"],"blocksy_meta":[],"_links":{"self":[{"href":"https:\/\/minasecinema.repesq.ufjf.br\/en\/wp-json\/wp\/v2\/pages\/9","targetHints":{"allow":["GET"]}}],"collection":[{"href":"https:\/\/minasecinema.repesq.ufjf.br\/en\/wp-json\/wp\/v2\/pages"}],"about":[{"href":"https:\/\/minasecinema.repesq.ufjf.br\/en\/wp-json\/wp\/v2\/types\/page"}],"author":[{"embeddable":true,"href":"https:\/\/minasecinema.repesq.ufjf.br\/en\/wp-json\/wp\/v2\/users\/1"}],"replies":[{"embeddable":true,"href":"https:\/\/minasecinema.repesq.ufjf.br\/en\/wp-json\/wp\/v2\/comments?post=9"}],"version-history":[{"count":147,"href":"https:\/\/minasecinema.repesq.ufjf.br\/en\/wp-json\/wp\/v2\/pages\/9\/revisions"}],"predecessor-version":[{"id":69778,"href":"https:\/\/minasecinema.repesq.ufjf.br\/en\/wp-json\/wp\/v2\/pages\/9\/revisions\/69778"}],"wp:attachment":[{"href":"https:\/\/minasecinema.repesq.ufjf.br\/en\/wp-json\/wp\/v2\/media?parent=9"}],"wp:term":[{"taxonomy":"tnc_tax_8431","embeddable":true,"href":"https:\/\/minasecinema.repesq.ufjf.br\/en\/wp-json\/wp\/v2\/tnc_tax_8431?post=9"},{"taxonomy":"tnc_tax_8399","embeddable":true,"href":"https:\/\/minasecinema.repesq.ufjf.br\/en\/wp-json\/wp\/v2\/tnc_tax_8399?post=9"},{"taxonomy":"tnc_tax_8396","embeddable":true,"href":"https:\/\/minasecinema.repesq.ufjf.br\/en\/wp-json\/wp\/v2\/tnc_tax_8396?post=9"},{"taxonomy":"tnc_tax_8393","embeddable":true,"href":"https:\/\/minasecinema.repesq.ufjf.br\/en\/wp-json\/wp\/v2\/tnc_tax_8393?post=9"},{"taxonomy":"tnc_tax_6759","embeddable":true,"href":"https:\/\/minasecinema.repesq.ufjf.br\/en\/wp-json\/wp\/v2\/tnc_tax_6759?post=9"},{"taxonomy":"tnc_tax_6723","embeddable":true,"href":"https:\/\/minasecinema.repesq.ufjf.br\/en\/wp-json\/wp\/v2\/tnc_tax_6723?post=9"},{"taxonomy":"tnc_tax_4866","embeddable":true,"href":"https:\/\/minasecinema.repesq.ufjf.br\/en\/wp-json\/wp\/v2\/tnc_tax_4866?post=9"},{"taxonomy":"tnc_tax_3507","embeddable":true,"href":"https:\/\/minasecinema.repesq.ufjf.br\/en\/wp-json\/wp\/v2\/tnc_tax_3507?post=9"}],"curies":[{"name":"wp","href":"https:\/\/api.w.org\/{rel}","templated":true}]}}